{"id":256,"date":"2024-10-16T14:02:28","date_gmt":"2024-10-16T18:02:28","guid":{"rendered":"https:\/\/www.teatrobaralt.org\/shop\/?post_type=product&#038;p=256"},"modified":"2024-11-27T09:24:17","modified_gmt":"2024-11-27T13:24:17","slug":"chinita-maracaibera","status":"publish","type":"product","link":"https:\/\/www.teatrobaralt.org\/shop\/producto\/chinita-maracaibera\/","title":{"rendered":"Chinita Maracaibera"},"content":{"rendered":"<p><strong>Autor:<\/strong> Nelitza Rinc\u00f3n Dur\u00e1n<\/p>\n<p><strong>T\u00e9cnica:<\/strong>Puntillismo acrilico\/tela\/madera<\/p>\n","protected":false},"excerpt":{"rendered":"<p>Autor: Nelitza Rinc\u00f3n Dur\u00e1n T\u00e9cnica:Puntillismo acrilico\/tela\/madera<\/p>\n","protected":false},"featured_media":480,"comment_status":"open","ping_status":"closed","template":"","meta":[],"product_cat":[50],"product_tag":[54],"class_list":{"0":"post-256","1":"product","2":"type-product","3":"status-publish","4":"has-post-thumbnail","6":"product_cat-artesanias","7":"product_tag-puntillismo","9":"first","10":"instock","11":"shipping-taxable","12":"purchasable","13":"product-type-simple"},"jetpack_sharing_enabled":true,"_links":{"self":[{"href":"https:\/\/www.teatrobaralt.org\/shop\/wp-json\/wp\/v2\/product\/256","targetHints":{"allow":["GET"]}}],"collection":[{"href":"https:\/\/www.teatrobaralt.org\/shop\/wp-json\/wp\/v2\/product"}],"about":[{"href":"https:\/\/www.teatrobaralt.org\/shop\/wp-json\/wp\/v2\/types\/product"}],"replies":[{"embeddable":true,"href":"https:\/\/www.teatrobaralt.org\/shop\/wp-json\/wp\/v2\/comments?post=256"}],"wp:featuredmedia":[{"embeddable":true,"href":"https:\/\/www.teatrobaralt.org\/shop\/wp-json\/wp\/v2\/media\/480"}],"wp:attachment":[{"href":"https:\/\/www.teatrobaralt.org\/shop\/wp-json\/wp\/v2\/media?parent=256"}],"wp:term":[{"taxonomy":"product_cat","embeddable":true,"href":"https:\/\/www.teatrobaralt.org\/shop\/wp-json\/wp\/v2\/product_cat?post=256"},{"taxonomy":"product_tag","embeddable":true,"href":"https:\/\/www.teatrobaralt.org\/shop\/wp-json\/wp\/v2\/product_tag?post=256"}],"curies":[{"name":"wp","href":"https:\/\/api.w.org\/{rel}","templated":true}]}}