{"id":1079,"date":"2024-12-09T18:26:43","date_gmt":"2024-12-09T22:26:43","guid":{"rendered":"https:\/\/www.teatrobaralt.org\/shop\/producto\/nacimiento-ii\/"},"modified":"2024-12-11T18:42:02","modified_gmt":"2024-12-11T22:42:02","slug":"nacimiento-ii","status":"publish","type":"product","link":"https:\/\/www.teatrobaralt.org\/shop\/producto\/nacimiento-ii\/","title":{"rendered":"Nacimiento II"},"content":{"rendered":"<p><strong>Autor:<\/strong>Nelitza Rinc\u00f3n Dur\u00e1n<\/p>\n<p><strong>T\u00e9cnica:<\/strong> Puntillismo acrilico\/tela\/madera<\/p>\n","protected":false},"excerpt":{"rendered":"<p>Autor:Nelitza Rinc\u00f3n Dur\u00e1n T\u00e9cnica: Puntillismo acrilico\/tela\/madera<\/p>\n","protected":false},"featured_media":1103,"comment_status":"open","ping_status":"closed","template":"","meta":[],"product_cat":[50],"product_tag":[70,54],"class_list":{"0":"post-1079","1":"product","2":"type-product","3":"status-publish","4":"has-post-thumbnail","6":"product_cat-artesanias","7":"product_tag-artesanias","8":"product_tag-puntillismo","10":"first","11":"instock","12":"shipping-taxable","13":"purchasable","14":"product-type-simple"},"jetpack_sharing_enabled":true,"_links":{"self":[{"href":"https:\/\/www.teatrobaralt.org\/shop\/wp-json\/wp\/v2\/product\/1079","targetHints":{"allow":["GET"]}}],"collection":[{"href":"https:\/\/www.teatrobaralt.org\/shop\/wp-json\/wp\/v2\/product"}],"about":[{"href":"https:\/\/www.teatrobaralt.org\/shop\/wp-json\/wp\/v2\/types\/product"}],"replies":[{"embeddable":true,"href":"https:\/\/www.teatrobaralt.org\/shop\/wp-json\/wp\/v2\/comments?post=1079"}],"wp:featuredmedia":[{"embeddable":true,"href":"https:\/\/www.teatrobaralt.org\/shop\/wp-json\/wp\/v2\/media\/1103"}],"wp:attachment":[{"href":"https:\/\/www.teatrobaralt.org\/shop\/wp-json\/wp\/v2\/media?parent=1079"}],"wp:term":[{"taxonomy":"product_cat","embeddable":true,"href":"https:\/\/www.teatrobaralt.org\/shop\/wp-json\/wp\/v2\/product_cat?post=1079"},{"taxonomy":"product_tag","embeddable":true,"href":"https:\/\/www.teatrobaralt.org\/shop\/wp-json\/wp\/v2\/product_tag?post=1079"}],"curies":[{"name":"wp","href":"https:\/\/api.w.org\/{rel}","templated":true}]}}