{"id":5882,"date":"2025-03-19T17:39:37","date_gmt":"2025-03-19T21:39:37","guid":{"rendered":"https:\/\/www.teatrobaralt.org\/__sub\/?page_id=5882"},"modified":"2025-03-24T16:47:19","modified_gmt":"2025-03-24T20:47:19","slug":"curso-de-orfebreria","status":"publish","type":"page","link":"https:\/\/www.teatrobaralt.org\/__sub\/curso-de-orfebreria\/","title":{"rendered":"Curso de Orfebrer\u00eda"},"content":{"rendered":"\t\t<div data-elementor-type=\"wp-page\" data-elementor-id=\"5882\" class=\"elementor elementor-5882\">\n\t\t\t\t\t\t<section class=\"elementor-section elementor-top-section elementor-element elementor-element-b2257ad elementor-section-full_width elementor-section-stretched elementor-section-height-default elementor-section-height-default wpr-particle-no wpr-sticky-section-no\" data-id=\"b2257ad\" data-element_type=\"section\" data-settings=\"{&quot;stretch_section&quot;:&quot;section-stretched&quot;}\">\n\t\t\t\t\t\t<div class=\"elementor-container elementor-column-gap-default\">\n\t\t\t\t\t<div class=\"elementor-column elementor-col-100 elementor-top-column elementor-element elementor-element-ce40671\" data-id=\"ce40671\" data-element_type=\"column\">\n\t\t\t<div class=\"elementor-widget-wrap elementor-element-populated\">\n\t\t\t\t\t\t<div class=\"elementor-element elementor-element-ba3422e elementor-widget elementor-widget-heading\" data-id=\"ba3422e\" data-element_type=\"widget\" data-widget_type=\"heading.default\">\n\t\t\t\t<div class=\"elementor-widget-container\">\n\t\t\t\t\t<h2 class=\"elementor-heading-title elementor-size-default\">Curso de Orfebrer\u00eda<\/h2>\t\t\t\t<\/div>\n\t\t\t\t<\/div>\n\t\t\t\t<div class=\"elementor-element elementor-element-d0f55de elementor-widget elementor-widget-image\" data-id=\"d0f55de\" data-element_type=\"widget\" data-widget_type=\"image.default\">\n\t\t\t\t<div class=\"elementor-widget-container\">\n\t\t\t\t\t\t\t\t\t\t\t\t\t\t\t<img decoding=\"async\" width=\"300\" height=\"52\" src=\"https:\/\/www.teatrobaralt.org\/__sub\/wp-content\/uploads\/2024\/04\/separador-300.png\" class=\"attachment-large size-large wp-image-3162\" alt=\"\" srcset=\"https:\/\/www.teatrobaralt.org\/__sub\/wp-content\/uploads\/2024\/04\/separador-300.png 300w, https:\/\/www.teatrobaralt.org\/__sub\/wp-content\/uploads\/2024\/04\/separador-300-230x40.png 230w\" sizes=\"(max-width: 300px) 100vw, 300px\" \/>\t\t\t\t\t\t\t\t\t\t\t\t\t\t\t<\/div>\n\t\t\t\t<\/div>\n\t\t\t\t\t<\/div>\n\t\t<\/div>\n\t\t\t\t\t<\/div>\n\t\t<\/section>\n\t\t\t\t<section class=\"elementor-section elementor-top-section elementor-element elementor-element-b5e16f5 elementor-section-full_width elementor-section-stretched elementor-section-height-default elementor-section-height-default wpr-particle-no wpr-sticky-section-no\" data-id=\"b5e16f5\" data-element_type=\"section\" data-settings=\"{&quot;stretch_section&quot;:&quot;section-stretched&quot;}\">\n\t\t\t\t\t\t<div class=\"elementor-container elementor-column-gap-default\">\n\t\t\t\t\t<div class=\"elementor-column elementor-col-33 elementor-top-column elementor-element elementor-element-f14fa96\" data-id=\"f14fa96\" data-element_type=\"column\">\n\t\t\t<div class=\"elementor-widget-wrap elementor-element-populated\">\n\t\t\t\t\t\t<div class=\"elementor-element elementor-element-7081278 elementor-widget elementor-widget-image\" data-id=\"7081278\" data-element_type=\"widget\" data-widget_type=\"image.default\">\n\t\t\t\t<div class=\"elementor-widget-container\">\n\t\t\t\t\t\t\t\t\t\t\t\t\t\t\t<img fetchpriority=\"high\" decoding=\"async\" width=\"350\" height=\"622\" src=\"https:\/\/www.teatrobaralt.org\/__sub\/wp-content\/uploads\/2025\/03\/aleksandr-buynitskiy-cOiEJ9aupbU-unsplash2-jpg.avif\" class=\"attachment-large size-large wp-image-5883\" alt=\"\" srcset=\"https:\/\/www.teatrobaralt.org\/__sub\/wp-content\/uploads\/2025\/03\/aleksandr-buynitskiy-cOiEJ9aupbU-unsplash2-jpg.avif 350w, https:\/\/www.teatrobaralt.org\/__sub\/wp-content\/uploads\/2025\/03\/aleksandr-buynitskiy-cOiEJ9aupbU-unsplash2-169x300.avif 169w, https:\/\/www.teatrobaralt.org\/__sub\/wp-content\/uploads\/2025\/03\/aleksandr-buynitskiy-cOiEJ9aupbU-unsplash2-230x409.avif 230w\" sizes=\"(max-width: 350px) 100vw, 350px\" \/>\t\t\t\t\t\t\t\t\t\t\t\t\t\t\t<\/div>\n\t\t\t\t<\/div>\n\t\t\t\t\t<\/div>\n\t\t<\/div>\n\t\t\t\t<div class=\"elementor-column elementor-col-66 elementor-top-column elementor-element elementor-element-f387308\" data-id=\"f387308\" data-element_type=\"column\">\n\t\t\t<div class=\"elementor-widget-wrap elementor-element-populated\">\n\t\t\t\t\t\t<div class=\"elementor-element elementor-element-5d3697b elementor-widget elementor-widget-heading\" data-id=\"5d3697b\" data-element_type=\"widget\" data-widget_type=\"heading.default\">\n\t\t\t\t<div class=\"elementor-widget-container\">\n\t\t\t\t\t<h4 class=\"elementor-heading-title elementor-size-default\">Dictado por: <\/h4>\t\t\t\t<\/div>\n\t\t\t\t<\/div>\n\t\t\t\t<div class=\"elementor-element elementor-element-d8fb1ae elementor-widget elementor-widget-text-editor\" data-id=\"d8fb1ae\" data-element_type=\"widget\" data-widget_type=\"text-editor.default\">\n\t\t\t\t<div class=\"elementor-widget-container\">\n\t\t\t\t\t\t\t\t\t<p><strong>Duraci\u00f3n:<\/strong>\u00a018 horas distribuidas en 6 sesiones de 3 horas cada una<br \/><strong>Costo del Curso:<\/strong> 150$<br \/><strong>N\u00famero de Participantes:<\/strong> entre 5 y 8 Personas<\/p>\t\t\t\t\t\t\t\t<\/div>\n\t\t\t\t<\/div>\n\t\t\t\t<div class=\"elementor-element elementor-element-9d09143 elementor-align-left elementor-widget elementor-widget-button\" data-id=\"9d09143\" data-element_type=\"widget\" data-widget_type=\"button.default\">\n\t\t\t\t<div class=\"elementor-widget-container\">\n\t\t\t\t\t\t\t\t\t<div class=\"elementor-button-wrapper\">\n\t\t\t\t\t<a class=\"elementor-button elementor-button-link elementor-size-sm\" href=\"https:\/\/formacion.teatrobaralt.org\/\">\n\t\t\t\t\t\t<span class=\"elementor-button-content-wrapper\">\n\t\t\t\t\t\t\t\t\t<span class=\"elementor-button-text\">Inscribirme<\/span>\n\t\t\t\t\t<\/span>\n\t\t\t\t\t<\/a>\n\t\t\t\t<\/div>\n\t\t\t\t\t\t\t\t<\/div>\n\t\t\t\t<\/div>\n\t\t\t\t<div class=\"elementor-element elementor-element-25dd674 elementor-widget elementor-widget-spacer\" data-id=\"25dd674\" data-element_type=\"widget\" data-widget_type=\"spacer.default\">\n\t\t\t\t<div class=\"elementor-widget-container\">\n\t\t\t\t\t\t\t<div class=\"elementor-spacer\">\n\t\t\t<div class=\"elementor-spacer-inner\"><\/div>\n\t\t<\/div>\n\t\t\t\t\t\t<\/div>\n\t\t\t\t<\/div>\n\t\t\t\t<div class=\"elementor-element elementor-element-e660203 elementor-widget elementor-widget-heading\" data-id=\"e660203\" data-element_type=\"widget\" data-widget_type=\"heading.default\">\n\t\t\t\t<div class=\"elementor-widget-container\">\n\t\t\t\t\t<h4 class=\"elementor-heading-title elementor-size-default\">Contenido:<\/h4>\t\t\t\t<\/div>\n\t\t\t\t<\/div>\n\t\t\t\t<div class=\"elementor-element elementor-element-5ced0d3 elementor-widget elementor-widget-text-editor\" data-id=\"5ced0d3\" data-element_type=\"widget\" data-widget_type=\"text-editor.default\">\n\t\t\t\t<div class=\"elementor-widget-container\">\n\t\t\t\t\t\t\t\t\t<ul><li>Introducci\u00f3n: Concepto, bases te\u00f3ricas de la orfebrer\u00eda<\/li><li>Importancia del dise\u00f1o en orfebrer\u00eda<\/li><li>Materiales y herramientas b\u00e1sicas de trabajo<\/li><li>Traslado del dise\u00f1o al metal<\/li><li>Corte del metal, limado, lijad y pulitura manual<\/li><li>Corte externo y calado<\/li><li>Texturaci\u00f3n del metal, diferentes t\u00e9cnicas y posibilidades<\/li><li>Dominando la rigidez del metal<\/li><li>Moldeado del metal<\/li><li>Engaste b\u00e1sico de piedras<\/li><li>Uni\u00f3n de dos o m\u00e1s piezas en frio: argollas, remaches<\/li><li>Elaboraci\u00f3n de cadenas y sus terminales<\/li><li>Uni\u00f3n b\u00e1sica del metal mediante el uso del calor\u00a0<\/li><li>Pintura manual (con motor opcional)<\/li><\/ul>\t\t\t\t\t\t\t\t<\/div>\n\t\t\t\t<\/div>\n\t\t\t\t\t<\/div>\n\t\t<\/div>\n\t\t\t\t\t<\/div>\n\t\t<\/section>\n\t\t\t\t<section class=\"elementor-section elementor-top-section elementor-element elementor-element-5709514 elementor-section-boxed elementor-section-height-default elementor-section-height-default wpr-particle-no wpr-sticky-section-no\" data-id=\"5709514\" data-element_type=\"section\">\n\t\t\t\t\t\t<div class=\"elementor-container elementor-column-gap-default\">\n\t\t\t\t\t<div class=\"elementor-column elementor-col-100 elementor-top-column elementor-element elementor-element-7e448b5\" data-id=\"7e448b5\" data-element_type=\"column\">\n\t\t\t<div class=\"elementor-widget-wrap elementor-element-populated\">\n\t\t\t\t\t\t<div class=\"elementor-element elementor-element-9328793 elementor-widget elementor-widget-spacer\" data-id=\"9328793\" data-element_type=\"widget\" data-widget_type=\"spacer.default\">\n\t\t\t\t<div class=\"elementor-widget-container\">\n\t\t\t\t\t\t\t<div class=\"elementor-spacer\">\n\t\t\t<div class=\"elementor-spacer-inner\"><\/div>\n\t\t<\/div>\n\t\t\t\t\t\t<\/div>\n\t\t\t\t<\/div>\n\t\t\t\t\t<\/div>\n\t\t<\/div>\n\t\t\t\t\t<\/div>\n\t\t<\/section>\n\t\t\t\t<section class=\"elementor-section elementor-top-section elementor-element elementor-element-e88bf03 elementor-section-full_width elementor-section-stretched elementor-section-height-default elementor-section-height-default wpr-particle-no wpr-sticky-section-no\" data-id=\"e88bf03\" data-element_type=\"section\" data-settings=\"{&quot;stretch_section&quot;:&quot;section-stretched&quot;}\">\n\t\t\t\t\t\t<div class=\"elementor-container elementor-column-gap-default\">\n\t\t\t\t\t<div class=\"elementor-column elementor-col-66 elementor-top-column elementor-element elementor-element-f0cb7c7\" data-id=\"f0cb7c7\" data-element_type=\"column\">\n\t\t\t<div class=\"elementor-widget-wrap elementor-element-populated\">\n\t\t\t\t\t\t<div class=\"elementor-element elementor-element-ac4f57f elementor-widget elementor-widget-heading\" data-id=\"ac4f57f\" data-element_type=\"widget\" data-widget_type=\"heading.default\">\n\t\t\t\t<div class=\"elementor-widget-container\">\n\t\t\t\t\t<h4 class=\"elementor-heading-title elementor-size-default\">HERRAMIENTAS B\u00c1SICAS Y MATERIALES PARA CURSO DE ORFEBRER\u00cdA<\/h4>\t\t\t\t<\/div>\n\t\t\t\t<\/div>\n\t\t\t\t<div class=\"elementor-element elementor-element-85a76d7 elementor-widget elementor-widget-heading\" data-id=\"85a76d7\" data-element_type=\"widget\" data-widget_type=\"heading.default\">\n\t\t\t\t<div class=\"elementor-widget-container\">\n\t\t\t\t\t<h4 class=\"elementor-heading-title elementor-size-default\">Cada participante debe traer:<\/h4>\t\t\t\t<\/div>\n\t\t\t\t<\/div>\n\t\t\t\t<div class=\"elementor-element elementor-element-c41df63 elementor-widget elementor-widget-text-editor\" data-id=\"c41df63\" data-element_type=\"widget\" data-widget_type=\"text-editor.default\">\n\t\t\t\t<div class=\"elementor-widget-container\">\n\t\t\t\t\t\t\t\t\t<p>Tijera hojalatera para cortar metal (preferible recta)<br \/>Arco de segueta<br \/>Seguetas 2\/0 o 3\/0 aprox. 3 docenas<br \/>Una tablita para aserrar<br \/>Un sargento para fijar la tablita de aserrar de 2 a 3 pulg. Aproximadamente<br \/>Un juego de limas para joyer\u00eda<br \/>Una lima media ca\u00f1a peque\u00f1a mas o manos de 15 a 20 cm.<br \/>Lijas de agua # 280,400, 500, 600<br \/>Una bola de cera de abejas o su defecto un pedazo de vela o jab\u00f3n en pasta<br \/>Pinzas: (1) puntas redondas, (1) plana ancha sin diente, (1) peque\u00f1a de puntas<br \/>planas y finas y (1) mixta.<br \/>Un martillo de bola en un extremo y plano en el otro<br \/>Un taladro de mano o fresadora el\u00e9ctrica<br \/>Brocas (mechas) de 1, \u00bd, y 2 mm de di\u00e1metros para perforar metal<br \/>Recortes o pedazo de lat\u00f3n, bronce o cobre<br \/>Soldadura suave (1gr.) de plata<br \/>Alambre de bronce y cobre (se consiguen en cables el\u00e9ctricos en desuso)-eld<br \/>Rubber cement<br \/>Tirro ancho (de papel)<br \/>Cuaderno de dibujo<br \/>Papel croquis o vegetal<br \/>Papel carb\u00f3n (1 hoja)<br \/>L\u00e1pices y borrador<br \/>Pintura para tela o de caucho en color claro (1 frasquito)<br \/>Un pincel o brocha fina<\/p>\t\t\t\t\t\t\t\t<\/div>\n\t\t\t\t<\/div>\n\t\t\t\t<div class=\"elementor-element elementor-element-07ed991 elementor-widget elementor-widget-spacer\" data-id=\"07ed991\" data-element_type=\"widget\" data-widget_type=\"spacer.default\">\n\t\t\t\t<div class=\"elementor-widget-container\">\n\t\t\t\t\t\t\t<div class=\"elementor-spacer\">\n\t\t\t<div class=\"elementor-spacer-inner\"><\/div>\n\t\t<\/div>\n\t\t\t\t\t\t<\/div>\n\t\t\t\t<\/div>\n\t\t\t\t\t<\/div>\n\t\t<\/div>\n\t\t\t\t<div class=\"elementor-column elementor-col-33 elementor-top-column elementor-element elementor-element-7706c8d\" data-id=\"7706c8d\" data-element_type=\"column\">\n\t\t\t<div class=\"elementor-widget-wrap elementor-element-populated\">\n\t\t\t\t\t\t<div class=\"elementor-element elementor-element-9b63551 elementor-widget elementor-widget-image\" data-id=\"9b63551\" data-element_type=\"widget\" data-widget_type=\"image.default\">\n\t\t\t\t<div class=\"elementor-widget-container\">\n\t\t\t\t\t\t\t\t\t\t\t\t\t\t\t<img decoding=\"async\" width=\"350\" height=\"525\" src=\"https:\/\/www.teatrobaralt.org\/__sub\/wp-content\/uploads\/2025\/03\/vinicius-amnx-amano-V16owPoti24-unsplash2-jpg.avif\" class=\"attachment-large size-large wp-image-5888\" alt=\"\" srcset=\"https:\/\/www.teatrobaralt.org\/__sub\/wp-content\/uploads\/2025\/03\/vinicius-amnx-amano-V16owPoti24-unsplash2-jpg.avif 350w, https:\/\/www.teatrobaralt.org\/__sub\/wp-content\/uploads\/2025\/03\/vinicius-amnx-amano-V16owPoti24-unsplash2-200x300.avif 200w, https:\/\/www.teatrobaralt.org\/__sub\/wp-content\/uploads\/2025\/03\/vinicius-amnx-amano-V16owPoti24-unsplash2-230x345.avif 230w\" sizes=\"(max-width: 350px) 100vw, 350px\" \/>\t\t\t\t\t\t\t\t\t\t\t\t\t\t\t<\/div>\n\t\t\t\t<\/div>\n\t\t\t\t\t<\/div>\n\t\t<\/div>\n\t\t\t\t\t<\/div>\n\t\t<\/section>\n\t\t\t\t<\/div>\n\t\t","protected":false},"excerpt":{"rendered":"<p>Curso de Orfebrer\u00eda Dictado por: Duraci\u00f3n:\u00a018 horas distribuidas en 6 sesiones de 3 horas cada unaCosto del Curso: 150$N\u00famero de Participantes: entre<\/p>\n","protected":false},"author":1,"featured_media":0,"parent":0,"menu_order":0,"comment_status":"closed","ping_status":"closed","template":"elementor_header_footer","meta":{"footnotes":""},"class_list":["post-5882","page","type-page","status-publish","hentry"],"_links":{"self":[{"href":"https:\/\/www.teatrobaralt.org\/__sub\/wp-json\/wp\/v2\/pages\/5882","targetHints":{"allow":["GET"]}}],"collection":[{"href":"https:\/\/www.teatrobaralt.org\/__sub\/wp-json\/wp\/v2\/pages"}],"about":[{"href":"https:\/\/www.teatrobaralt.org\/__sub\/wp-json\/wp\/v2\/types\/page"}],"author":[{"embeddable":true,"href":"https:\/\/www.teatrobaralt.org\/__sub\/wp-json\/wp\/v2\/users\/1"}],"replies":[{"embeddable":true,"href":"https:\/\/www.teatrobaralt.org\/__sub\/wp-json\/wp\/v2\/comments?post=5882"}],"version-history":[{"count":9,"href":"https:\/\/www.teatrobaralt.org\/__sub\/wp-json\/wp\/v2\/pages\/5882\/revisions"}],"predecessor-version":[{"id":5896,"href":"https:\/\/www.teatrobaralt.org\/__sub\/wp-json\/wp\/v2\/pages\/5882\/revisions\/5896"}],"wp:attachment":[{"href":"https:\/\/www.teatrobaralt.org\/__sub\/wp-json\/wp\/v2\/media?parent=5882"}],"curies":[{"name":"wp","href":"https:\/\/api.w.org\/{rel}","templated":true}]}}