{"id":5233,"date":"2024-11-25T17:33:26","date_gmt":"2024-11-25T21:33:26","guid":{"rendered":"https:\/\/www.teatrobaralt.org\/__sub\/?page_id=5233"},"modified":"2025-07-09T14:10:48","modified_gmt":"2025-07-09T18:10:48","slug":"centro-de-formacion-flamenco-baralt","status":"publish","type":"page","link":"https:\/\/www.teatrobaralt.org\/__sub\/centro-de-formacion-flamenco-baralt\/","title":{"rendered":"CENTRO DE FORMACI\u00d3N FLAMENCO BARALT"},"content":{"rendered":"\t\t<div data-elementor-type=\"wp-page\" data-elementor-id=\"5233\" class=\"elementor elementor-5233\">\n\t\t\t\t\t\t<section class=\"elementor-section elementor-top-section elementor-element elementor-element-c2efb3a elementor-section-full_width elementor-section-stretched elementor-section-height-default elementor-section-height-default wpr-particle-no wpr-sticky-section-no\" data-id=\"c2efb3a\" data-element_type=\"section\" data-settings=\"{&quot;stretch_section&quot;:&quot;section-stretched&quot;}\">\n\t\t\t\t\t\t<div class=\"elementor-container elementor-column-gap-default\">\n\t\t\t\t\t<div class=\"elementor-column elementor-col-20 elementor-top-column elementor-element elementor-element-7eb7694 elementor-invisible\" data-id=\"7eb7694\" data-element_type=\"column\" data-settings=\"{&quot;animation&quot;:&quot;fadeInRight&quot;}\">\n\t\t\t<div class=\"elementor-widget-wrap elementor-element-populated\">\n\t\t\t\t\t\t<div class=\"elementor-element elementor-element-e66b5fa elementor-widget elementor-widget-image\" data-id=\"e66b5fa\" data-element_type=\"widget\" data-widget_type=\"image.default\">\n\t\t\t\t<div class=\"elementor-widget-container\">\n\t\t\t\t\t\t\t\t\t\t\t\t\t\t\t<img fetchpriority=\"high\" decoding=\"async\" width=\"491\" height=\"300\" src=\"https:\/\/www.teatrobaralt.org\/__sub\/wp-content\/uploads\/2024\/04\/ff7-jpg.webp\" class=\"attachment-large size-large wp-image-3586\" alt=\"\" srcset=\"https:\/\/www.teatrobaralt.org\/__sub\/wp-content\/uploads\/2024\/04\/ff7-jpg.webp 491w, https:\/\/www.teatrobaralt.org\/__sub\/wp-content\/uploads\/2024\/04\/ff7-300x183.webp 300w, https:\/\/www.teatrobaralt.org\/__sub\/wp-content\/uploads\/2024\/04\/ff7-230x141.webp 230w, https:\/\/www.teatrobaralt.org\/__sub\/wp-content\/uploads\/2024\/04\/ff7-350x214.webp 350w, https:\/\/www.teatrobaralt.org\/__sub\/wp-content\/uploads\/2024\/04\/ff7-480x293.webp 480w\" sizes=\"(max-width: 491px) 100vw, 491px\" \/>\t\t\t\t\t\t\t\t\t\t\t\t\t\t\t<\/div>\n\t\t\t\t<\/div>\n\t\t\t\t\t<\/div>\n\t\t<\/div>\n\t\t\t\t<div class=\"elementor-column elementor-col-20 elementor-top-column elementor-element elementor-element-f41ca72 elementor-invisible\" data-id=\"f41ca72\" data-element_type=\"column\" data-settings=\"{&quot;animation&quot;:&quot;fadeInRight&quot;}\">\n\t\t\t<div class=\"elementor-widget-wrap elementor-element-populated\">\n\t\t\t\t\t\t<div class=\"elementor-element elementor-element-9c90809 elementor-widget elementor-widget-image\" data-id=\"9c90809\" data-element_type=\"widget\" data-widget_type=\"image.default\">\n\t\t\t\t<div class=\"elementor-widget-container\">\n\t\t\t\t\t\t\t\t\t\t\t\t\t\t\t<img decoding=\"async\" width=\"491\" height=\"300\" src=\"https:\/\/www.teatrobaralt.org\/__sub\/wp-content\/uploads\/2024\/04\/ff4-jpg.webp\" class=\"attachment-large size-large wp-image-3583\" alt=\"\" srcset=\"https:\/\/www.teatrobaralt.org\/__sub\/wp-content\/uploads\/2024\/04\/ff4-jpg.webp 491w, https:\/\/www.teatrobaralt.org\/__sub\/wp-content\/uploads\/2024\/04\/ff4-300x183.webp 300w, https:\/\/www.teatrobaralt.org\/__sub\/wp-content\/uploads\/2024\/04\/ff4-230x141.webp 230w, https:\/\/www.teatrobaralt.org\/__sub\/wp-content\/uploads\/2024\/04\/ff4-350x214.webp 350w, https:\/\/www.teatrobaralt.org\/__sub\/wp-content\/uploads\/2024\/04\/ff4-480x293.webp 480w\" sizes=\"(max-width: 491px) 100vw, 491px\" \/>\t\t\t\t\t\t\t\t\t\t\t\t\t\t\t<\/div>\n\t\t\t\t<\/div>\n\t\t\t\t\t<\/div>\n\t\t<\/div>\n\t\t\t\t<div class=\"elementor-column elementor-col-20 elementor-top-column elementor-element elementor-element-4fdd9dd elementor-invisible\" data-id=\"4fdd9dd\" data-element_type=\"column\" data-settings=\"{&quot;animation&quot;:&quot;fadeInRight&quot;}\">\n\t\t\t<div class=\"elementor-widget-wrap elementor-element-populated\">\n\t\t\t\t\t\t<div class=\"elementor-element elementor-element-c490b05 elementor-widget elementor-widget-image\" data-id=\"c490b05\" data-element_type=\"widget\" data-widget_type=\"image.default\">\n\t\t\t\t<div class=\"elementor-widget-container\">\n\t\t\t\t\t\t\t\t\t\t\t\t\t\t\t<img decoding=\"async\" width=\"491\" height=\"300\" src=\"https:\/\/www.teatrobaralt.org\/__sub\/wp-content\/uploads\/2024\/04\/ff5-jpg.webp\" class=\"attachment-large size-large wp-image-3584\" alt=\"\" srcset=\"https:\/\/www.teatrobaralt.org\/__sub\/wp-content\/uploads\/2024\/04\/ff5-jpg.webp 491w, https:\/\/www.teatrobaralt.org\/__sub\/wp-content\/uploads\/2024\/04\/ff5-300x183.webp 300w, https:\/\/www.teatrobaralt.org\/__sub\/wp-content\/uploads\/2024\/04\/ff5-230x141.webp 230w, https:\/\/www.teatrobaralt.org\/__sub\/wp-content\/uploads\/2024\/04\/ff5-350x214.webp 350w, https:\/\/www.teatrobaralt.org\/__sub\/wp-content\/uploads\/2024\/04\/ff5-480x293.webp 480w\" sizes=\"(max-width: 491px) 100vw, 491px\" \/>\t\t\t\t\t\t\t\t\t\t\t\t\t\t\t<\/div>\n\t\t\t\t<\/div>\n\t\t\t\t\t<\/div>\n\t\t<\/div>\n\t\t\t\t<div class=\"elementor-column elementor-col-20 elementor-top-column elementor-element elementor-element-3e2e9fa elementor-invisible\" data-id=\"3e2e9fa\" data-element_type=\"column\" data-settings=\"{&quot;animation&quot;:&quot;fadeInLeft&quot;}\">\n\t\t\t<div class=\"elementor-widget-wrap elementor-element-populated\">\n\t\t\t\t\t\t<div class=\"elementor-element elementor-element-600f5c9 elementor-widget elementor-widget-image\" data-id=\"600f5c9\" data-element_type=\"widget\" data-widget_type=\"image.default\">\n\t\t\t\t<div class=\"elementor-widget-container\">\n\t\t\t\t\t\t\t\t\t\t\t\t\t\t\t<img loading=\"lazy\" decoding=\"async\" width=\"491\" height=\"300\" src=\"https:\/\/www.teatrobaralt.org\/__sub\/wp-content\/uploads\/2024\/04\/ff1-jpg.webp\" class=\"attachment-large size-large wp-image-3580\" alt=\"\" srcset=\"https:\/\/www.teatrobaralt.org\/__sub\/wp-content\/uploads\/2024\/04\/ff1-jpg.webp 491w, https:\/\/www.teatrobaralt.org\/__sub\/wp-content\/uploads\/2024\/04\/ff1-300x183.webp 300w, https:\/\/www.teatrobaralt.org\/__sub\/wp-content\/uploads\/2024\/04\/ff1-230x141.webp 230w, https:\/\/www.teatrobaralt.org\/__sub\/wp-content\/uploads\/2024\/04\/ff1-350x214.webp 350w, https:\/\/www.teatrobaralt.org\/__sub\/wp-content\/uploads\/2024\/04\/ff1-480x293.webp 480w\" sizes=\"(max-width: 491px) 100vw, 491px\" \/>\t\t\t\t\t\t\t\t\t\t\t\t\t\t\t<\/div>\n\t\t\t\t<\/div>\n\t\t\t\t\t<\/div>\n\t\t<\/div>\n\t\t\t\t<div class=\"elementor-column elementor-col-20 elementor-top-column elementor-element elementor-element-0977054 elementor-invisible\" data-id=\"0977054\" data-element_type=\"column\" data-settings=\"{&quot;animation&quot;:&quot;fadeInLeft&quot;}\">\n\t\t\t<div class=\"elementor-widget-wrap elementor-element-populated\">\n\t\t\t\t\t\t<div class=\"elementor-element elementor-element-7e063fc elementor-widget elementor-widget-image\" data-id=\"7e063fc\" data-element_type=\"widget\" data-widget_type=\"image.default\">\n\t\t\t\t<div class=\"elementor-widget-container\">\n\t\t\t\t\t\t\t\t\t\t\t\t\t\t\t<img loading=\"lazy\" decoding=\"async\" width=\"491\" height=\"300\" src=\"https:\/\/www.teatrobaralt.org\/__sub\/wp-content\/uploads\/2024\/04\/ff2-jpg.webp\" class=\"attachment-large size-large wp-image-3581\" alt=\"\" srcset=\"https:\/\/www.teatrobaralt.org\/__sub\/wp-content\/uploads\/2024\/04\/ff2-jpg.webp 491w, https:\/\/www.teatrobaralt.org\/__sub\/wp-content\/uploads\/2024\/04\/ff2-300x183.webp 300w, https:\/\/www.teatrobaralt.org\/__sub\/wp-content\/uploads\/2024\/04\/ff2-230x141.webp 230w, https:\/\/www.teatrobaralt.org\/__sub\/wp-content\/uploads\/2024\/04\/ff2-350x214.webp 350w, https:\/\/www.teatrobaralt.org\/__sub\/wp-content\/uploads\/2024\/04\/ff2-480x293.webp 480w\" sizes=\"(max-width: 491px) 100vw, 491px\" \/>\t\t\t\t\t\t\t\t\t\t\t\t\t\t\t<\/div>\n\t\t\t\t<\/div>\n\t\t\t\t\t<\/div>\n\t\t<\/div>\n\t\t\t\t\t<\/div>\n\t\t<\/section>\n\t\t\t\t<section class=\"elementor-section elementor-top-section elementor-element elementor-element-23a48f5 elementor-section-full_width elementor-section-stretched elementor-section-height-default elementor-section-height-default wpr-particle-no wpr-sticky-section-no\" data-id=\"23a48f5\" data-element_type=\"section\" data-settings=\"{&quot;stretch_section&quot;:&quot;section-stretched&quot;}\">\n\t\t\t\t\t\t<div class=\"elementor-container elementor-column-gap-default\">\n\t\t\t\t\t<div class=\"elementor-column elementor-col-25 elementor-top-column elementor-element elementor-element-57dc7a2\" data-id=\"57dc7a2\" data-element_type=\"column\">\n\t\t\t<div class=\"elementor-widget-wrap\">\n\t\t\t\t\t\t\t<\/div>\n\t\t<\/div>\n\t\t\t\t<div class=\"elementor-column elementor-col-50 elementor-top-column elementor-element elementor-element-16f4929\" data-id=\"16f4929\" data-element_type=\"column\">\n\t\t\t<div class=\"elementor-widget-wrap elementor-element-populated\">\n\t\t\t\t\t\t<div class=\"elementor-element elementor-element-a019856 elementor-widget elementor-widget-heading\" data-id=\"a019856\" data-element_type=\"widget\" data-widget_type=\"heading.default\">\n\t\t\t\t<div class=\"elementor-widget-container\">\n\t\t\t\t\t<h4 class=\"elementor-heading-title elementor-size-default\">CENTRO DE FORMACI\u00d3N FLAMENCO BARALT<\/h4>\t\t\t\t<\/div>\n\t\t\t\t<\/div>\n\t\t\t\t<div class=\"elementor-element elementor-element-0f09177 elementor-widget elementor-widget-image\" data-id=\"0f09177\" data-element_type=\"widget\" data-widget_type=\"image.default\">\n\t\t\t\t<div class=\"elementor-widget-container\">\n\t\t\t\t\t\t\t\t\t\t\t\t\t\t\t<img loading=\"lazy\" decoding=\"async\" width=\"300\" height=\"52\" src=\"https:\/\/www.teatrobaralt.org\/__sub\/wp-content\/uploads\/2024\/04\/separador-300.png\" class=\"attachment-large size-large wp-image-3162\" alt=\"\" srcset=\"https:\/\/www.teatrobaralt.org\/__sub\/wp-content\/uploads\/2024\/04\/separador-300.png 300w, https:\/\/www.teatrobaralt.org\/__sub\/wp-content\/uploads\/2024\/04\/separador-300-230x40.png 230w\" sizes=\"(max-width: 300px) 100vw, 300px\" \/>\t\t\t\t\t\t\t\t\t\t\t\t\t\t\t<\/div>\n\t\t\t\t<\/div>\n\t\t\t\t\t<\/div>\n\t\t<\/div>\n\t\t\t\t<div class=\"elementor-column elementor-col-25 elementor-top-column elementor-element elementor-element-3c0fe30\" data-id=\"3c0fe30\" data-element_type=\"column\">\n\t\t\t<div class=\"elementor-widget-wrap\">\n\t\t\t\t\t\t\t<\/div>\n\t\t<\/div>\n\t\t\t\t\t<\/div>\n\t\t<\/section>\n\t\t\t\t<section class=\"elementor-section elementor-top-section elementor-element elementor-element-85c2a8a elementor-section-full_width elementor-section-stretched elementor-section-height-default elementor-section-height-default wpr-particle-no wpr-sticky-section-no elementor-invisible\" data-id=\"85c2a8a\" data-element_type=\"section\" data-settings=\"{&quot;stretch_section&quot;:&quot;section-stretched&quot;,&quot;animation&quot;:&quot;fadeInLeft&quot;}\">\n\t\t\t\t\t\t<div class=\"elementor-container elementor-column-gap-default\">\n\t\t\t\t\t<div class=\"elementor-column elementor-col-16 elementor-top-column elementor-element elementor-element-63f01e8\" data-id=\"63f01e8\" data-element_type=\"column\">\n\t\t\t<div class=\"elementor-widget-wrap elementor-element-populated\">\n\t\t\t\t\t\t<div class=\"elementor-element elementor-element-395e83d elementor-widget elementor-widget-image\" data-id=\"395e83d\" data-element_type=\"widget\" data-widget_type=\"image.default\">\n\t\t\t\t<div class=\"elementor-widget-container\">\n\t\t\t\t\t\t\t\t\t\t\t\t\t\t\t<img loading=\"lazy\" decoding=\"async\" width=\"100\" height=\"100\" src=\"https:\/\/www.teatrobaralt.org\/__sub\/wp-content\/uploads\/2024\/10\/logos_cf_flamenco-png.avif\" class=\"attachment-large size-large wp-image-4547\" alt=\"\" \/>\t\t\t\t\t\t\t\t\t\t\t\t\t\t\t<\/div>\n\t\t\t\t<\/div>\n\t\t\t\t\t<\/div>\n\t\t<\/div>\n\t\t\t\t<div class=\"elementor-column elementor-col-66 elementor-top-column elementor-element elementor-element-0d7b85d\" data-id=\"0d7b85d\" data-element_type=\"column\">\n\t\t\t<div class=\"elementor-widget-wrap elementor-element-populated\">\n\t\t\t\t\t\t<div class=\"elementor-element elementor-element-a317fa3 elementor-widget elementor-widget-spacer\" data-id=\"a317fa3\" data-element_type=\"widget\" data-widget_type=\"spacer.default\">\n\t\t\t\t<div class=\"elementor-widget-container\">\n\t\t\t\t\t\t\t<div class=\"elementor-spacer\">\n\t\t\t<div class=\"elementor-spacer-inner\"><\/div>\n\t\t<\/div>\n\t\t\t\t\t\t<\/div>\n\t\t\t\t<\/div>\n\t\t\t\t<div class=\"elementor-element elementor-element-1504fcd elementor-widget elementor-widget-heading\" data-id=\"1504fcd\" data-element_type=\"widget\" data-widget_type=\"heading.default\">\n\t\t\t\t<div class=\"elementor-widget-container\">\n\t\t\t\t\t<h4 class=\"elementor-heading-title elementor-size-default\">Despierta la pasi\u00f3n que hay en tu interior en el Centro de Formaci\u00f3n Flamenco Baralt<BR\/>Un espacio donde el duende del flamenco se libera a trav\u00e9s del baile .<\/h4>\t\t\t\t<\/div>\n\t\t\t\t<\/div>\n\t\t\t\t<div class=\"elementor-element elementor-element-bdb3f15 elementor-widget elementor-widget-spacer\" data-id=\"bdb3f15\" data-element_type=\"widget\" data-widget_type=\"spacer.default\">\n\t\t\t\t<div class=\"elementor-widget-container\">\n\t\t\t\t\t\t\t<div class=\"elementor-spacer\">\n\t\t\t<div class=\"elementor-spacer-inner\"><\/div>\n\t\t<\/div>\n\t\t\t\t\t\t<\/div>\n\t\t\t\t<\/div>\n\t\t\t\t<div class=\"elementor-element elementor-element-ba30da1 elementor-widget elementor-widget-text-editor\" data-id=\"ba30da1\" data-element_type=\"widget\" data-widget_type=\"text-editor.default\">\n\t\t\t\t<div class=\"elementor-widget-container\">\n\t\t\t\t\t\t\t\t\t<p>El Centro de Formaci\u00f3n Flamenco Baralt bajo la Direcci\u00f3n de la Bailaora y Maestra Andreina Guti\u00e9rrez, ofrecen\u00a0 Programas de formaci\u00f3n art\u00edstica integral a los participantes, as\u00ed como eventos y espect\u00e1culos de difusi\u00f3n con impacto socio-cultural. <br \/><span style=\"color: var(--sydney-text-color);\"><br \/>Este es un espacio para experimentar vivencias sonoras, corporales,\u00a0 po\u00e9ticas, sensoriales y neuro-cognitivas desde el propio ser de todos las alumnas.\u00a0<\/span><span style=\"color: var(--sydney-text-color);\">Entre las habilidades y destrezas a desarrollar\u00a0 en este Centro de Formaci\u00f3n se encuentran\u00a0 el potencial y talento innato de los cursantes, lo cual contribuye a la preparaci\u00f3n de las nuevas generaciones.<\/span><\/p><p>Con la ejecuci\u00f3n y aprendizaje de t\u00e9cnicas, coreograf\u00edas flamencas y neo-flamencas, se complementa la formaci\u00f3n integral como Bailaoras de obras cl\u00e1sicas, tradiciones y costumbres aportados por Espa\u00f1a para montajes flamencos marcados por la historia, identidad multicultural y el mestizaje de nuestro pa\u00eds, contribuyendo as\u00ed a promover la cultura, fomentar los valores\u00a0 y formaci\u00f3n de mejores\u00a0 seres humanos.<\/p><div><strong style=\"color: var(--sydney-text-color);\">M\u00e1s que un baile, una expresi\u00f3n del alma.<\/strong><\/div><p>Sum\u00e9rgete en un universo del comp\u00e1s y taconeo donde el flamenco se convierte en una forma de expresar emociones profundas. Explora los diferentes palos del flamenco, desde las buler\u00edas hasta las seguiriyas, pasando por las alegr\u00edas y los soleares. Aprende a bailar con pasi\u00f3n y con sentimiento al tocar los instrumentos tradicionales como las casta\u00f1uelas y el batir de palmas.<\/p><p><strong>Un equipo de profesionales apasionados te guiar\u00e1 en tu viaje.<\/strong><\/p><p>En el Centro de Formaci\u00f3n Baralt Flamenco, recibir\u00e1s una ense\u00f1anza personalizada que se adaptar\u00e1 a tus necesidades y objetivos. Descubrir\u00e1s tu propio talento flamenco y aprender\u00e1s a expresarlo con autenticidad y entrega.<\/p><p><strong>Un espacio para crecer, compartir y crear.<\/strong><\/p>\t\t\t\t\t\t\t\t<\/div>\n\t\t\t\t<\/div>\n\t\t\t\t<div class=\"elementor-element elementor-element-dd1b300 elementor-widget elementor-widget-spacer\" data-id=\"dd1b300\" data-element_type=\"widget\" data-widget_type=\"spacer.default\">\n\t\t\t\t<div class=\"elementor-widget-container\">\n\t\t\t\t\t\t\t<div class=\"elementor-spacer\">\n\t\t\t<div class=\"elementor-spacer-inner\"><\/div>\n\t\t<\/div>\n\t\t\t\t\t\t<\/div>\n\t\t\t\t<\/div>\n\t\t\t\t\t<\/div>\n\t\t<\/div>\n\t\t\t\t<div class=\"elementor-column elementor-col-16 elementor-top-column elementor-element elementor-element-f746014\" data-id=\"f746014\" data-element_type=\"column\">\n\t\t\t<div class=\"elementor-widget-wrap\">\n\t\t\t\t\t\t\t<\/div>\n\t\t<\/div>\n\t\t\t\t\t<\/div>\n\t\t<\/section>\n\t\t\t\t<section class=\"elementor-section elementor-top-section elementor-element elementor-element-995a464 elementor-section-full_width elementor-section-stretched elementor-section-height-default elementor-section-height-default wpr-particle-no wpr-sticky-section-no elementor-invisible\" data-id=\"995a464\" data-element_type=\"section\" data-settings=\"{&quot;stretch_section&quot;:&quot;section-stretched&quot;,&quot;animation&quot;:&quot;fadeInRight&quot;}\">\n\t\t\t\t\t\t<div class=\"elementor-container elementor-column-gap-default\">\n\t\t\t\t\t<div class=\"elementor-column elementor-col-33 elementor-top-column elementor-element elementor-element-837b75e\" data-id=\"837b75e\" data-element_type=\"column\">\n\t\t\t<div class=\"elementor-widget-wrap elementor-element-populated\">\n\t\t\t\t\t\t<div class=\"elementor-element elementor-element-6180a52 elementor-widget elementor-widget-image\" data-id=\"6180a52\" data-element_type=\"widget\" data-widget_type=\"image.default\">\n\t\t\t\t<div class=\"elementor-widget-container\">\n\t\t\t\t\t\t\t\t\t\t\t\t\t\t\t\t<a href=\"http:\/\/www.teatrobaralt.org\/__sub\/wp-content\/uploads\/2024\/10\/teatrobaralt_pantallas_companias_baralt-flamenco-min.jpg\" data-elementor-open-lightbox=\"yes\" data-elementor-lightbox-title=\"teatrobaralt_pantallas_compa\u00f1ias_baralt-flamenco-min\" data-e-action-hash=\"#elementor-action%3Aaction%3Dlightbox%26settings%3DeyJpZCI6NDI0MywidXJsIjoiaHR0cHM6XC9cL3d3dy50ZWF0cm9iYXJhbHQub3JnXC9fX3N1Ylwvd3AtY29udGVudFwvdXBsb2Fkc1wvMjAyNFwvMTBcL3RlYXRyb2JhcmFsdF9wYW50YWxsYXNfY29tcGFuaWFzX2JhcmFsdC1mbGFtZW5jby1taW4uanBnIn0%3D\">\n\t\t\t\t\t\t\t<img loading=\"lazy\" decoding=\"async\" width=\"700\" height=\"875\" src=\"https:\/\/www.teatrobaralt.org\/__sub\/wp-content\/uploads\/2024\/10\/teatrobaralt_pantallas_companias_baralt-flamenco-min.jpg\" class=\"attachment-full size-full wp-image-4243\" alt=\"\" srcset=\"https:\/\/www.teatrobaralt.org\/__sub\/wp-content\/uploads\/2024\/10\/teatrobaralt_pantallas_companias_baralt-flamenco-min.jpg 700w, https:\/\/www.teatrobaralt.org\/__sub\/wp-content\/uploads\/2024\/10\/teatrobaralt_pantallas_companias_baralt-flamenco-min-240x300.webp 240w, https:\/\/www.teatrobaralt.org\/__sub\/wp-content\/uploads\/2024\/10\/teatrobaralt_pantallas_companias_baralt-flamenco-min-230x288.webp 230w, https:\/\/www.teatrobaralt.org\/__sub\/wp-content\/uploads\/2024\/10\/teatrobaralt_pantallas_companias_baralt-flamenco-min-350x438.webp 350w, https:\/\/www.teatrobaralt.org\/__sub\/wp-content\/uploads\/2024\/10\/teatrobaralt_pantallas_companias_baralt-flamenco-min-480x600.webp 480w\" sizes=\"(max-width: 700px) 100vw, 700px\" \/>\t\t\t\t\t\t\t\t<\/a>\n\t\t\t\t\t\t\t\t\t\t\t\t\t\t\t<\/div>\n\t\t\t\t<\/div>\n\t\t\t\t\t<\/div>\n\t\t<\/div>\n\t\t\t\t<div class=\"elementor-column elementor-col-66 elementor-top-column elementor-element elementor-element-20b7ea1\" data-id=\"20b7ea1\" data-element_type=\"column\">\n\t\t\t<div class=\"elementor-widget-wrap elementor-element-populated\">\n\t\t\t\t\t\t<div class=\"elementor-element elementor-element-f3c998f elementor-widget elementor-widget-text-editor\" data-id=\"f3c998f\" data-element_type=\"widget\" data-widget_type=\"text-editor.default\">\n\t\t\t\t<div class=\"elementor-widget-container\">\n\t\t\t\t\t\t\t\t\t<p>El Centro de Formaci\u00f3n Baralt Flamenco\u00a0 te ofrece:<\/p><ul><li>Clases para ni\u00f1as a partir de los 7 a\u00f1os desde niveles principiantes hasta avanzados.<\/li><li>Un ambiente de aprendizaje din\u00e1mico, creativo y colaborativo.<\/li><li>Oportunidades para participar en talleres, masterclasses, presentaciones en vivo y tablaos flamencos.<\/li><li>La posibilidad de conectar con otros apasionados por el flamenco y formar parte de una comunidad vibrante.<\/li><\/ul><p><strong>\u00bfEst\u00e1s listo para dar el primer paso?<\/strong><\/p><p><strong>Inscr\u00edbete hoy mismo en el Centro de Formaci\u00f3n Baralt Flamenco\u00a0 y comienza a explorar un mundo de pasi\u00f3n, ritmo y expresi\u00f3n art\u00edstica.<\/strong><\/p><p><strong>\u00a1Te esperamos!<\/strong><\/p><p><strong>Ven a conocer la magia del flamenco con nosotros y descubre la pasi\u00f3n que vive en tu interior.<\/strong><\/p>\t\t\t\t\t\t\t\t<\/div>\n\t\t\t\t<\/div>\n\t\t\t\t\t<\/div>\n\t\t<\/div>\n\t\t\t\t\t<\/div>\n\t\t<\/section>\n\t\t\t\t<\/div>\n\t\t","protected":false},"excerpt":{"rendered":"<p>CENTRO DE FORMACI\u00d3N FLAMENCO BARALT Despierta la pasi\u00f3n que hay en tu interior en el Centro de Formaci\u00f3n Flamenco BaraltUn espacio donde<\/p>\n","protected":false},"author":1,"featured_media":0,"parent":0,"menu_order":0,"comment_status":"closed","ping_status":"closed","template":"","meta":{"footnotes":""},"class_list":["post-5233","page","type-page","status-publish","hentry"],"_links":{"self":[{"href":"https:\/\/www.teatrobaralt.org\/__sub\/wp-json\/wp\/v2\/pages\/5233","targetHints":{"allow":["GET"]}}],"collection":[{"href":"https:\/\/www.teatrobaralt.org\/__sub\/wp-json\/wp\/v2\/pages"}],"about":[{"href":"https:\/\/www.teatrobaralt.org\/__sub\/wp-json\/wp\/v2\/types\/page"}],"author":[{"embeddable":true,"href":"https:\/\/www.teatrobaralt.org\/__sub\/wp-json\/wp\/v2\/users\/1"}],"replies":[{"embeddable":true,"href":"https:\/\/www.teatrobaralt.org\/__sub\/wp-json\/wp\/v2\/comments?post=5233"}],"version-history":[{"count":25,"href":"https:\/\/www.teatrobaralt.org\/__sub\/wp-json\/wp\/v2\/pages\/5233\/revisions"}],"predecessor-version":[{"id":6106,"href":"https:\/\/www.teatrobaralt.org\/__sub\/wp-json\/wp\/v2\/pages\/5233\/revisions\/6106"}],"wp:attachment":[{"href":"https:\/\/www.teatrobaralt.org\/__sub\/wp-json\/wp\/v2\/media?parent=5233"}],"curies":[{"name":"wp","href":"https:\/\/api.w.org\/{rel}","templated":true}]}}