{"id":5162,"date":"2024-11-25T16:07:29","date_gmt":"2024-11-25T20:07:29","guid":{"rendered":"https:\/\/www.teatrobaralt.org\/__sub\/?page_id=5162"},"modified":"2024-11-25T16:56:50","modified_gmt":"2024-11-25T20:56:50","slug":"centro-de-formacion-folklorica-baralt","status":"publish","type":"page","link":"https:\/\/www.teatrobaralt.org\/__sub\/centro-de-formacion-folklorica-baralt\/","title":{"rendered":"CENTRO DE FORMACI\u00d3N FOLKL\u00d3RICA BARALT"},"content":{"rendered":"\t\t<div data-elementor-type=\"wp-page\" data-elementor-id=\"5162\" class=\"elementor elementor-5162\">\n\t\t\t\t\t\t<section class=\"elementor-section elementor-top-section elementor-element elementor-element-c2efb3a elementor-section-full_width elementor-section-stretched elementor-section-height-default elementor-section-height-default wpr-particle-no wpr-sticky-section-no\" data-id=\"c2efb3a\" data-element_type=\"section\" data-settings=\"{&quot;stretch_section&quot;:&quot;section-stretched&quot;}\">\n\t\t\t\t\t\t<div class=\"elementor-container elementor-column-gap-default\">\n\t\t\t\t\t<div class=\"elementor-column elementor-col-20 elementor-top-column elementor-element elementor-element-4fdd9dd elementor-invisible\" data-id=\"4fdd9dd\" data-element_type=\"column\" data-settings=\"{&quot;animation&quot;:&quot;fadeInRight&quot;}\">\n\t\t\t<div class=\"elementor-widget-wrap elementor-element-populated\">\n\t\t\t\t\t\t<div class=\"elementor-element elementor-element-c490b05 elementor-widget elementor-widget-image\" data-id=\"c490b05\" data-element_type=\"widget\" data-widget_type=\"image.default\">\n\t\t\t\t<div class=\"elementor-widget-container\">\n\t\t\t\t\t\t\t\t\t\t\t\t\t\t\t<img fetchpriority=\"high\" decoding=\"async\" width=\"491\" height=\"300\" src=\"https:\/\/www.teatrobaralt.org\/__sub\/wp-content\/uploads\/2024\/11\/458291226_-jpg.avif\" class=\"attachment-large size-large wp-image-5209\" alt=\"\" srcset=\"https:\/\/www.teatrobaralt.org\/__sub\/wp-content\/uploads\/2024\/11\/458291226_-jpg.avif 491w, https:\/\/www.teatrobaralt.org\/__sub\/wp-content\/uploads\/2024\/11\/458291226_-300x183.avif 300w, https:\/\/www.teatrobaralt.org\/__sub\/wp-content\/uploads\/2024\/11\/458291226_-230x141.avif 230w, https:\/\/www.teatrobaralt.org\/__sub\/wp-content\/uploads\/2024\/11\/458291226_-350x214.avif 350w, https:\/\/www.teatrobaralt.org\/__sub\/wp-content\/uploads\/2024\/11\/458291226_-480x293.avif 480w\" sizes=\"(max-width: 491px) 100vw, 491px\" \/>\t\t\t\t\t\t\t\t\t\t\t\t\t\t\t<\/div>\n\t\t\t\t<\/div>\n\t\t\t\t\t<\/div>\n\t\t<\/div>\n\t\t\t\t<div class=\"elementor-column elementor-col-20 elementor-top-column elementor-element elementor-element-7eb7694 elementor-invisible\" data-id=\"7eb7694\" data-element_type=\"column\" data-settings=\"{&quot;animation&quot;:&quot;fadeInRight&quot;}\">\n\t\t\t<div class=\"elementor-widget-wrap elementor-element-populated\">\n\t\t\t\t\t\t<div class=\"elementor-element elementor-element-e66b5fa elementor-widget elementor-widget-image\" data-id=\"e66b5fa\" data-element_type=\"widget\" data-widget_type=\"image.default\">\n\t\t\t\t<div class=\"elementor-widget-container\">\n\t\t\t\t\t\t\t\t\t\t\t\t\t\t\t<img decoding=\"async\" width=\"491\" height=\"300\" src=\"https:\/\/www.teatrobaralt.org\/__sub\/wp-content\/uploads\/2024\/11\/458247266_-jpg.avif\" class=\"attachment-large size-large wp-image-5207\" alt=\"\" srcset=\"https:\/\/www.teatrobaralt.org\/__sub\/wp-content\/uploads\/2024\/11\/458247266_-jpg.avif 491w, https:\/\/www.teatrobaralt.org\/__sub\/wp-content\/uploads\/2024\/11\/458247266_-300x183.avif 300w, https:\/\/www.teatrobaralt.org\/__sub\/wp-content\/uploads\/2024\/11\/458247266_-230x141.avif 230w, https:\/\/www.teatrobaralt.org\/__sub\/wp-content\/uploads\/2024\/11\/458247266_-350x214.avif 350w, https:\/\/www.teatrobaralt.org\/__sub\/wp-content\/uploads\/2024\/11\/458247266_-480x293.avif 480w\" sizes=\"(max-width: 491px) 100vw, 491px\" \/>\t\t\t\t\t\t\t\t\t\t\t\t\t\t\t<\/div>\n\t\t\t\t<\/div>\n\t\t\t\t\t<\/div>\n\t\t<\/div>\n\t\t\t\t<div class=\"elementor-column elementor-col-20 elementor-top-column elementor-element elementor-element-f41ca72 elementor-invisible\" data-id=\"f41ca72\" data-element_type=\"column\" data-settings=\"{&quot;animation&quot;:&quot;fadeInRight&quot;}\">\n\t\t\t<div class=\"elementor-widget-wrap elementor-element-populated\">\n\t\t\t\t\t\t<div class=\"elementor-element elementor-element-9c90809 elementor-widget elementor-widget-image\" data-id=\"9c90809\" data-element_type=\"widget\" data-widget_type=\"image.default\">\n\t\t\t\t<div class=\"elementor-widget-container\">\n\t\t\t\t\t\t\t\t\t\t\t\t\t\t\t<img decoding=\"async\" width=\"491\" height=\"300\" src=\"https:\/\/www.teatrobaralt.org\/__sub\/wp-content\/uploads\/2024\/11\/458218455_-jpg.avif\" class=\"attachment-large size-large wp-image-5206\" alt=\"\" srcset=\"https:\/\/www.teatrobaralt.org\/__sub\/wp-content\/uploads\/2024\/11\/458218455_-jpg.avif 491w, https:\/\/www.teatrobaralt.org\/__sub\/wp-content\/uploads\/2024\/11\/458218455_-300x183.avif 300w, https:\/\/www.teatrobaralt.org\/__sub\/wp-content\/uploads\/2024\/11\/458218455_-230x141.avif 230w, https:\/\/www.teatrobaralt.org\/__sub\/wp-content\/uploads\/2024\/11\/458218455_-350x214.avif 350w, https:\/\/www.teatrobaralt.org\/__sub\/wp-content\/uploads\/2024\/11\/458218455_-480x293.avif 480w\" sizes=\"(max-width: 491px) 100vw, 491px\" \/>\t\t\t\t\t\t\t\t\t\t\t\t\t\t\t<\/div>\n\t\t\t\t<\/div>\n\t\t\t\t\t<\/div>\n\t\t<\/div>\n\t\t\t\t<div class=\"elementor-column elementor-col-20 elementor-top-column elementor-element elementor-element-3e2e9fa elementor-invisible\" data-id=\"3e2e9fa\" data-element_type=\"column\" data-settings=\"{&quot;animation&quot;:&quot;fadeInLeft&quot;}\">\n\t\t\t<div class=\"elementor-widget-wrap elementor-element-populated\">\n\t\t\t\t\t\t<div class=\"elementor-element elementor-element-600f5c9 elementor-widget elementor-widget-image\" data-id=\"600f5c9\" data-element_type=\"widget\" data-widget_type=\"image.default\">\n\t\t\t\t<div class=\"elementor-widget-container\">\n\t\t\t\t\t\t\t\t\t\t\t\t\t\t\t<img loading=\"lazy\" decoding=\"async\" width=\"491\" height=\"300\" src=\"https:\/\/www.teatrobaralt.org\/__sub\/wp-content\/uploads\/2024\/11\/458163129_-jpg.avif\" class=\"attachment-large size-large wp-image-5203\" alt=\"\" srcset=\"https:\/\/www.teatrobaralt.org\/__sub\/wp-content\/uploads\/2024\/11\/458163129_-jpg.avif 491w, https:\/\/www.teatrobaralt.org\/__sub\/wp-content\/uploads\/2024\/11\/458163129_-300x183.avif 300w, https:\/\/www.teatrobaralt.org\/__sub\/wp-content\/uploads\/2024\/11\/458163129_-230x141.avif 230w, https:\/\/www.teatrobaralt.org\/__sub\/wp-content\/uploads\/2024\/11\/458163129_-350x214.avif 350w, https:\/\/www.teatrobaralt.org\/__sub\/wp-content\/uploads\/2024\/11\/458163129_-480x293.avif 480w\" sizes=\"(max-width: 491px) 100vw, 491px\" \/>\t\t\t\t\t\t\t\t\t\t\t\t\t\t\t<\/div>\n\t\t\t\t<\/div>\n\t\t\t\t\t<\/div>\n\t\t<\/div>\n\t\t\t\t<div class=\"elementor-column elementor-col-20 elementor-top-column elementor-element elementor-element-0977054 elementor-invisible\" data-id=\"0977054\" data-element_type=\"column\" data-settings=\"{&quot;animation&quot;:&quot;fadeInLeft&quot;}\">\n\t\t\t<div class=\"elementor-widget-wrap elementor-element-populated\">\n\t\t\t\t\t\t<div class=\"elementor-element elementor-element-7e063fc elementor-widget elementor-widget-image\" data-id=\"7e063fc\" data-element_type=\"widget\" data-widget_type=\"image.default\">\n\t\t\t\t<div class=\"elementor-widget-container\">\n\t\t\t\t\t\t\t\t\t\t\t\t\t\t\t<img loading=\"lazy\" decoding=\"async\" width=\"491\" height=\"300\" src=\"https:\/\/www.teatrobaralt.org\/__sub\/wp-content\/uploads\/2024\/11\/458163138_-jpg.avif\" class=\"attachment-large size-large wp-image-5204\" alt=\"\" srcset=\"https:\/\/www.teatrobaralt.org\/__sub\/wp-content\/uploads\/2024\/11\/458163138_-jpg.avif 491w, https:\/\/www.teatrobaralt.org\/__sub\/wp-content\/uploads\/2024\/11\/458163138_-300x183.avif 300w, https:\/\/www.teatrobaralt.org\/__sub\/wp-content\/uploads\/2024\/11\/458163138_-230x141.avif 230w, https:\/\/www.teatrobaralt.org\/__sub\/wp-content\/uploads\/2024\/11\/458163138_-350x214.avif 350w, https:\/\/www.teatrobaralt.org\/__sub\/wp-content\/uploads\/2024\/11\/458163138_-480x293.avif 480w\" sizes=\"(max-width: 491px) 100vw, 491px\" \/>\t\t\t\t\t\t\t\t\t\t\t\t\t\t\t<\/div>\n\t\t\t\t<\/div>\n\t\t\t\t\t<\/div>\n\t\t<\/div>\n\t\t\t\t\t<\/div>\n\t\t<\/section>\n\t\t\t\t<section class=\"elementor-section elementor-top-section elementor-element elementor-element-23a48f5 elementor-section-full_width elementor-section-stretched elementor-section-height-default elementor-section-height-default wpr-particle-no wpr-sticky-section-no\" data-id=\"23a48f5\" data-element_type=\"section\" data-settings=\"{&quot;stretch_section&quot;:&quot;section-stretched&quot;}\">\n\t\t\t\t\t\t<div class=\"elementor-container elementor-column-gap-default\">\n\t\t\t\t\t<div class=\"elementor-column elementor-col-25 elementor-top-column elementor-element elementor-element-57dc7a2\" data-id=\"57dc7a2\" data-element_type=\"column\">\n\t\t\t<div class=\"elementor-widget-wrap\">\n\t\t\t\t\t\t\t<\/div>\n\t\t<\/div>\n\t\t\t\t<div class=\"elementor-column elementor-col-50 elementor-top-column elementor-element elementor-element-16f4929\" data-id=\"16f4929\" data-element_type=\"column\">\n\t\t\t<div class=\"elementor-widget-wrap elementor-element-populated\">\n\t\t\t\t\t\t<div class=\"elementor-element elementor-element-a019856 elementor-widget elementor-widget-heading\" data-id=\"a019856\" data-element_type=\"widget\" data-widget_type=\"heading.default\">\n\t\t\t\t<div class=\"elementor-widget-container\">\n\t\t\t\t\t<h4 class=\"elementor-heading-title elementor-size-default\">CENTRO DE FORMACI\u00d3N DANZAS FOLKL\u00d3RICAS BARALT<\/h4>\t\t\t\t<\/div>\n\t\t\t\t<\/div>\n\t\t\t\t<div class=\"elementor-element elementor-element-0f09177 elementor-widget elementor-widget-image\" data-id=\"0f09177\" data-element_type=\"widget\" data-widget_type=\"image.default\">\n\t\t\t\t<div class=\"elementor-widget-container\">\n\t\t\t\t\t\t\t\t\t\t\t\t\t\t\t<img loading=\"lazy\" decoding=\"async\" width=\"300\" height=\"52\" src=\"https:\/\/www.teatrobaralt.org\/__sub\/wp-content\/uploads\/2024\/04\/separador-300.png\" class=\"attachment-large size-large wp-image-3162\" alt=\"\" srcset=\"https:\/\/www.teatrobaralt.org\/__sub\/wp-content\/uploads\/2024\/04\/separador-300.png 300w, https:\/\/www.teatrobaralt.org\/__sub\/wp-content\/uploads\/2024\/04\/separador-300-230x40.png 230w\" sizes=\"(max-width: 300px) 100vw, 300px\" \/>\t\t\t\t\t\t\t\t\t\t\t\t\t\t\t<\/div>\n\t\t\t\t<\/div>\n\t\t\t\t\t<\/div>\n\t\t<\/div>\n\t\t\t\t<div class=\"elementor-column elementor-col-25 elementor-top-column elementor-element elementor-element-3c0fe30\" data-id=\"3c0fe30\" data-element_type=\"column\">\n\t\t\t<div class=\"elementor-widget-wrap\">\n\t\t\t\t\t\t\t<\/div>\n\t\t<\/div>\n\t\t\t\t\t<\/div>\n\t\t<\/section>\n\t\t\t\t<section class=\"elementor-section elementor-top-section elementor-element elementor-element-85c2a8a elementor-section-full_width elementor-section-stretched elementor-section-height-default elementor-section-height-default wpr-particle-no wpr-sticky-section-no elementor-invisible\" data-id=\"85c2a8a\" data-element_type=\"section\" data-settings=\"{&quot;stretch_section&quot;:&quot;section-stretched&quot;,&quot;animation&quot;:&quot;fadeInLeft&quot;}\">\n\t\t\t\t\t\t<div class=\"elementor-container elementor-column-gap-default\">\n\t\t\t\t\t<div class=\"elementor-column elementor-col-16 elementor-top-column elementor-element elementor-element-63f01e8\" data-id=\"63f01e8\" data-element_type=\"column\">\n\t\t\t<div class=\"elementor-widget-wrap elementor-element-populated\">\n\t\t\t\t\t\t<div class=\"elementor-element elementor-element-395e83d elementor-widget elementor-widget-image\" data-id=\"395e83d\" data-element_type=\"widget\" data-widget_type=\"image.default\">\n\t\t\t\t<div class=\"elementor-widget-container\">\n\t\t\t\t\t\t\t\t\t\t\t\t\t\t\t<img loading=\"lazy\" decoding=\"async\" width=\"100\" height=\"100\" src=\"https:\/\/www.teatrobaralt.org\/__sub\/wp-content\/uploads\/2024\/10\/logos_cf_folklore2-png.avif\" class=\"attachment-large size-large wp-image-4550\" alt=\"\" \/>\t\t\t\t\t\t\t\t\t\t\t\t\t\t\t<\/div>\n\t\t\t\t<\/div>\n\t\t\t\t\t<\/div>\n\t\t<\/div>\n\t\t\t\t<div class=\"elementor-column elementor-col-66 elementor-top-column elementor-element elementor-element-0d7b85d\" data-id=\"0d7b85d\" data-element_type=\"column\">\n\t\t\t<div class=\"elementor-widget-wrap elementor-element-populated\">\n\t\t\t\t\t\t<div class=\"elementor-element elementor-element-a317fa3 elementor-widget elementor-widget-spacer\" data-id=\"a317fa3\" data-element_type=\"widget\" data-widget_type=\"spacer.default\">\n\t\t\t\t<div class=\"elementor-widget-container\">\n\t\t\t\t\t\t\t<div class=\"elementor-spacer\">\n\t\t\t<div class=\"elementor-spacer-inner\"><\/div>\n\t\t<\/div>\n\t\t\t\t\t\t<\/div>\n\t\t\t\t<\/div>\n\t\t\t\t<div class=\"elementor-element elementor-element-7404276 elementor-widget elementor-widget-heading\" data-id=\"7404276\" data-element_type=\"widget\" data-widget_type=\"heading.default\">\n\t\t\t\t<div class=\"elementor-widget-container\">\n\t\t\t\t\t<h4 class=\"elementor-heading-title elementor-size-default\">Despierta el ritmo de tu tierra en el Centro de Formaci\u00f3n Danzas Folkl\u00f3ricas Baralt<BR\/>\nUn espacio donde la tradici\u00f3n se convierte en movimiento.\n\n<\/h4>\t\t\t\t<\/div>\n\t\t\t\t<\/div>\n\t\t\t\t<div class=\"elementor-element elementor-element-ba30da1 elementor-widget elementor-widget-text-editor\" data-id=\"ba30da1\" data-element_type=\"widget\" data-widget_type=\"text-editor.default\">\n\t\t\t\t<div class=\"elementor-widget-container\">\n\t\t\t\t\t\t\t\t\t<p>El Centro de Formaci\u00f3n Danzas Folkl\u00f3ricas Baralt te invita a un viaje apasionante por las ra\u00edces culturales de Venezuela a trav\u00e9s de la danza. Aprende de la mano de maestros expertos en las diferentes expresiones folkl\u00f3ricas del pa\u00eds, quienes te guiar\u00e1n en el desarrollo de tus habilidades danc\u00edsticas y tu pasi\u00f3n por la tradici\u00f3n.<\/p><p><strong>M\u00e1s que un baile, una conexi\u00f3n con la historia.<\/strong><\/p><p>Sum\u00e9rgete en un universo de ritmos, colores y tradiciones donde cada movimiento tiene un significado. Explora las diferentes danzas folkl\u00f3ricas de Venezuela, desde el joropo hasta la gaita, pasando por el calipso, el tambor y el maremare. Aprende a bailar al ritmo de los instrumentos tradicionales y a expresar la esencia de cada regi\u00f3n del pa\u00eds.<\/p><p><strong>Un equipo de profesionales apasionados te guiar\u00e1 en tu viaje.<\/strong><\/p><p>En el Centro de Formaci\u00f3n Danzas Folkl\u00f3ricas Baralt, recibir\u00e1s una formaci\u00f3n personalizada que se adaptar\u00e1 a tus necesidades y objetivos. Descubrir\u00e1s tu propio talento danc\u00edstico y aprender\u00e1s a expresarlo con autenticidad y pasi\u00f3n.<\/p><p><strong>Un espacio para crecer, compartir y crear.<\/strong><\/p>\t\t\t\t\t\t\t\t<\/div>\n\t\t\t\t<\/div>\n\t\t\t\t<div class=\"elementor-element elementor-element-dd1b300 elementor-widget elementor-widget-spacer\" data-id=\"dd1b300\" data-element_type=\"widget\" data-widget_type=\"spacer.default\">\n\t\t\t\t<div class=\"elementor-widget-container\">\n\t\t\t\t\t\t\t<div class=\"elementor-spacer\">\n\t\t\t<div class=\"elementor-spacer-inner\"><\/div>\n\t\t<\/div>\n\t\t\t\t\t\t<\/div>\n\t\t\t\t<\/div>\n\t\t\t\t\t<\/div>\n\t\t<\/div>\n\t\t\t\t<div class=\"elementor-column elementor-col-16 elementor-top-column elementor-element elementor-element-f746014\" data-id=\"f746014\" data-element_type=\"column\">\n\t\t\t<div class=\"elementor-widget-wrap\">\n\t\t\t\t\t\t\t<\/div>\n\t\t<\/div>\n\t\t\t\t\t<\/div>\n\t\t<\/section>\n\t\t\t\t<section class=\"elementor-section elementor-top-section elementor-element elementor-element-995a464 elementor-section-full_width elementor-section-stretched elementor-section-height-default elementor-section-height-default wpr-particle-no wpr-sticky-section-no elementor-invisible\" data-id=\"995a464\" data-element_type=\"section\" data-settings=\"{&quot;stretch_section&quot;:&quot;section-stretched&quot;,&quot;animation&quot;:&quot;fadeInRight&quot;}\">\n\t\t\t\t\t\t<div class=\"elementor-container elementor-column-gap-default\">\n\t\t\t\t\t<div class=\"elementor-column elementor-col-33 elementor-top-column elementor-element elementor-element-837b75e\" data-id=\"837b75e\" data-element_type=\"column\">\n\t\t\t<div class=\"elementor-widget-wrap elementor-element-populated\">\n\t\t\t\t\t\t<div class=\"elementor-element elementor-element-6180a52 elementor-widget elementor-widget-image\" data-id=\"6180a52\" data-element_type=\"widget\" data-widget_type=\"image.default\">\n\t\t\t\t<div class=\"elementor-widget-container\">\n\t\t\t\t\t\t\t\t\t\t\t\t\t\t\t\t<a href=\"http:\/\/www.teatrobaralt.org\/__sub\/wp-content\/uploads\/2024\/10\/teatrobaralt_pantallas_companias_folklore-baralt-min.jpg\" data-elementor-open-lightbox=\"yes\" data-elementor-lightbox-title=\"teatrobaralt_pantallas_compa\u00f1ias_folklore-baralt-min\" data-e-action-hash=\"#elementor-action%3Aaction%3Dlightbox%26settings%3DeyJpZCI6NDI0OSwidXJsIjoiaHR0cHM6XC9cL3d3dy50ZWF0cm9iYXJhbHQub3JnXC9fX3N1Ylwvd3AtY29udGVudFwvdXBsb2Fkc1wvMjAyNFwvMTBcL3RlYXRyb2JhcmFsdF9wYW50YWxsYXNfY29tcGFuaWFzX2ZvbGtsb3JlLWJhcmFsdC1taW4uanBnIn0%3D\">\n\t\t\t\t\t\t\t<img loading=\"lazy\" decoding=\"async\" width=\"600\" height=\"750\" src=\"https:\/\/www.teatrobaralt.org\/__sub\/wp-content\/uploads\/2024\/10\/teatrobaralt_pantallas_companias_folklore-baralt-min.jpg\" class=\"attachment-full size-full wp-image-4249\" alt=\"\" srcset=\"https:\/\/www.teatrobaralt.org\/__sub\/wp-content\/uploads\/2024\/10\/teatrobaralt_pantallas_companias_folklore-baralt-min.jpg 600w, https:\/\/www.teatrobaralt.org\/__sub\/wp-content\/uploads\/2024\/10\/teatrobaralt_pantallas_companias_folklore-baralt-min-240x300.webp 240w, https:\/\/www.teatrobaralt.org\/__sub\/wp-content\/uploads\/2024\/10\/teatrobaralt_pantallas_companias_folklore-baralt-min-230x288.webp 230w, https:\/\/www.teatrobaralt.org\/__sub\/wp-content\/uploads\/2024\/10\/teatrobaralt_pantallas_companias_folklore-baralt-min-350x438.webp 350w, https:\/\/www.teatrobaralt.org\/__sub\/wp-content\/uploads\/2024\/10\/teatrobaralt_pantallas_companias_folklore-baralt-min-480x600.webp 480w\" sizes=\"(max-width: 600px) 100vw, 600px\" \/>\t\t\t\t\t\t\t\t<\/a>\n\t\t\t\t\t\t\t\t\t\t\t\t\t\t\t<\/div>\n\t\t\t\t<\/div>\n\t\t\t\t\t<\/div>\n\t\t<\/div>\n\t\t\t\t<div class=\"elementor-column elementor-col-66 elementor-top-column elementor-element elementor-element-20b7ea1\" data-id=\"20b7ea1\" data-element_type=\"column\">\n\t\t\t<div class=\"elementor-widget-wrap elementor-element-populated\">\n\t\t\t\t\t\t<div class=\"elementor-element elementor-element-f3c998f elementor-widget elementor-widget-text-editor\" data-id=\"f3c998f\" data-element_type=\"widget\" data-widget_type=\"text-editor.default\">\n\t\t\t\t<div class=\"elementor-widget-container\">\n\t\t\t\t\t\t\t\t\t<p>El Centro de Formaci\u00f3n Danzas Folkl\u00f3ricas Baralt te ofrece:<\/p><ul><li>Clases para todas las edades y niveles, desde principiantes hasta avanzados.<\/li><li>Un ambiente de aprendizaje din\u00e1mico, creativo y colaborativo.<\/li><li>Oportunidades para participar en talleres, masterclasses, presentaciones en vivo y festivales de danza folkl\u00f3rica.<\/li><li>La posibilidad de conectar con otros apasionados por la tradici\u00f3n y formar parte de una comunidad vibrante.<\/li><\/ul><p><strong>\u00bfEst\u00e1s listo para dar el primer paso?<\/strong><\/p><p><strong>Inscr\u00edbete hoy mismo en el Centro de Formaci\u00f3n Danzas Folkl\u00f3ricas Baralt y comienza a explorar un mundo de ritmo, tradici\u00f3n y expresi\u00f3n cultural.<\/strong><\/p><p><strong>\u00a1Te esperamos!<\/strong><\/p><p><strong>Ven a bailar con nosotros y descubre la magia de las danzas folkl\u00f3ricas venezolanas.<\/strong><\/p>\t\t\t\t\t\t\t\t<\/div>\n\t\t\t\t<\/div>\n\t\t\t\t\t<\/div>\n\t\t<\/div>\n\t\t\t\t\t<\/div>\n\t\t<\/section>\n\t\t\t\t<\/div>\n\t\t","protected":false},"excerpt":{"rendered":"<p>CENTRO DE FORMACI\u00d3N DANZAS FOLKL\u00d3RICAS BARALT Despierta el ritmo de tu tierra en el Centro de Formaci\u00f3n Danzas Folkl\u00f3ricas Baralt Un espacio<\/p>\n","protected":false},"author":1,"featured_media":0,"parent":0,"menu_order":0,"comment_status":"closed","ping_status":"closed","template":"","meta":{"footnotes":""},"class_list":["post-5162","page","type-page","status-publish","hentry"],"_links":{"self":[{"href":"https:\/\/www.teatrobaralt.org\/__sub\/wp-json\/wp\/v2\/pages\/5162","targetHints":{"allow":["GET"]}}],"collection":[{"href":"https:\/\/www.teatrobaralt.org\/__sub\/wp-json\/wp\/v2\/pages"}],"about":[{"href":"https:\/\/www.teatrobaralt.org\/__sub\/wp-json\/wp\/v2\/types\/page"}],"author":[{"embeddable":true,"href":"https:\/\/www.teatrobaralt.org\/__sub\/wp-json\/wp\/v2\/users\/1"}],"replies":[{"embeddable":true,"href":"https:\/\/www.teatrobaralt.org\/__sub\/wp-json\/wp\/v2\/comments?post=5162"}],"version-history":[{"count":10,"href":"https:\/\/www.teatrobaralt.org\/__sub\/wp-json\/wp\/v2\/pages\/5162\/revisions"}],"predecessor-version":[{"id":5214,"href":"https:\/\/www.teatrobaralt.org\/__sub\/wp-json\/wp\/v2\/pages\/5162\/revisions\/5214"}],"wp:attachment":[{"href":"https:\/\/www.teatrobaralt.org\/__sub\/wp-json\/wp\/v2\/media?parent=5162"}],"curies":[{"name":"wp","href":"https:\/\/api.w.org\/{rel}","templated":true}]}}