{"id":5136,"date":"2024-11-25T15:44:23","date_gmt":"2024-11-25T19:44:23","guid":{"rendered":"https:\/\/www.teatrobaralt.org\/__sub\/?page_id=5136"},"modified":"2024-11-25T16:38:30","modified_gmt":"2024-11-25T20:38:30","slug":"centro-de-formacion-gaita-baralt","status":"publish","type":"page","link":"https:\/\/www.teatrobaralt.org\/__sub\/centro-de-formacion-gaita-baralt\/","title":{"rendered":"CENTRO DE FORMACI\u00d3N GAITA BARALT"},"content":{"rendered":"\t\t<div data-elementor-type=\"wp-page\" data-elementor-id=\"5136\" class=\"elementor elementor-5136\">\n\t\t\t\t\t\t<section class=\"elementor-section elementor-top-section elementor-element elementor-element-c2efb3a elementor-section-full_width elementor-section-stretched elementor-section-height-default elementor-section-height-default wpr-particle-no wpr-sticky-section-no\" data-id=\"c2efb3a\" data-element_type=\"section\" data-settings=\"{&quot;stretch_section&quot;:&quot;section-stretched&quot;}\">\n\t\t\t\t\t\t<div class=\"elementor-container elementor-column-gap-default\">\n\t\t\t\t\t<div class=\"elementor-column elementor-col-20 elementor-top-column elementor-element elementor-element-4fdd9dd elementor-invisible\" data-id=\"4fdd9dd\" data-element_type=\"column\" data-settings=\"{&quot;animation&quot;:&quot;fadeInRight&quot;}\">\n\t\t\t<div class=\"elementor-widget-wrap elementor-element-populated\">\n\t\t\t\t\t\t<div class=\"elementor-element elementor-element-c490b05 elementor-widget elementor-widget-image\" data-id=\"c490b05\" data-element_type=\"widget\" data-widget_type=\"image.default\">\n\t\t\t\t<div class=\"elementor-widget-container\">\n\t\t\t\t\t\t\t\t\t\t\t\t\t\t\t<img fetchpriority=\"high\" decoding=\"async\" width=\"1024\" height=\"683\" src=\"https:\/\/www.teatrobaralt.org\/__sub\/wp-content\/uploads\/2024\/11\/446198509_-min-1024x683.avif\" class=\"attachment-large size-large wp-image-5165\" alt=\"\" srcset=\"https:\/\/www.teatrobaralt.org\/__sub\/wp-content\/uploads\/2024\/11\/446198509_-min-1024x683.avif 1024w, https:\/\/www.teatrobaralt.org\/__sub\/wp-content\/uploads\/2024\/11\/446198509_-min-300x200.avif 300w, https:\/\/www.teatrobaralt.org\/__sub\/wp-content\/uploads\/2024\/11\/446198509_-min-768x512.avif 768w, https:\/\/www.teatrobaralt.org\/__sub\/wp-content\/uploads\/2024\/11\/446198509_-min-391x260.avif 391w, https:\/\/www.teatrobaralt.org\/__sub\/wp-content\/uploads\/2024\/11\/446198509_-min-1000x667.avif 1000w, https:\/\/www.teatrobaralt.org\/__sub\/wp-content\/uploads\/2024\/11\/446198509_-min-230x153.avif 230w, https:\/\/www.teatrobaralt.org\/__sub\/wp-content\/uploads\/2024\/11\/446198509_-min-350x233.avif 350w, https:\/\/www.teatrobaralt.org\/__sub\/wp-content\/uploads\/2024\/11\/446198509_-min-480x320.avif 480w, https:\/\/www.teatrobaralt.org\/__sub\/wp-content\/uploads\/2024\/11\/446198509_-min-jpg.avif 1080w\" sizes=\"(max-width: 1024px) 100vw, 1024px\" \/>\t\t\t\t\t\t\t\t\t\t\t\t\t\t\t<\/div>\n\t\t\t\t<\/div>\n\t\t\t\t\t<\/div>\n\t\t<\/div>\n\t\t\t\t<div class=\"elementor-column elementor-col-20 elementor-top-column elementor-element elementor-element-7eb7694 elementor-invisible\" data-id=\"7eb7694\" data-element_type=\"column\" data-settings=\"{&quot;animation&quot;:&quot;fadeInRight&quot;}\">\n\t\t\t<div class=\"elementor-widget-wrap elementor-element-populated\">\n\t\t\t\t\t\t<div class=\"elementor-element elementor-element-e66b5fa elementor-widget elementor-widget-image\" data-id=\"e66b5fa\" data-element_type=\"widget\" data-widget_type=\"image.default\">\n\t\t\t\t<div class=\"elementor-widget-container\">\n\t\t\t\t\t\t\t\t\t\t\t\t\t\t\t<img decoding=\"async\" width=\"1024\" height=\"683\" src=\"https:\/\/www.teatrobaralt.org\/__sub\/wp-content\/uploads\/2024\/11\/photo_4978950768308628622_w-min-1024x683.avif\" class=\"attachment-large size-large wp-image-5168\" alt=\"\" srcset=\"https:\/\/www.teatrobaralt.org\/__sub\/wp-content\/uploads\/2024\/11\/photo_4978950768308628622_w-min-1024x683.avif 1024w, https:\/\/www.teatrobaralt.org\/__sub\/wp-content\/uploads\/2024\/11\/photo_4978950768308628622_w-min-300x200.avif 300w, https:\/\/www.teatrobaralt.org\/__sub\/wp-content\/uploads\/2024\/11\/photo_4978950768308628622_w-min-768x512.avif 768w, https:\/\/www.teatrobaralt.org\/__sub\/wp-content\/uploads\/2024\/11\/photo_4978950768308628622_w-min-391x260.avif 391w, https:\/\/www.teatrobaralt.org\/__sub\/wp-content\/uploads\/2024\/11\/photo_4978950768308628622_w-min-1536x1025.avif 1536w, https:\/\/www.teatrobaralt.org\/__sub\/wp-content\/uploads\/2024\/11\/photo_4978950768308628622_w-min-2048x1366.avif 2048w, https:\/\/www.teatrobaralt.org\/__sub\/wp-content\/uploads\/2024\/11\/photo_4978950768308628622_w-min-1000x667.avif 1000w, https:\/\/www.teatrobaralt.org\/__sub\/wp-content\/uploads\/2024\/11\/photo_4978950768308628622_w-min-230x153.avif 230w, https:\/\/www.teatrobaralt.org\/__sub\/wp-content\/uploads\/2024\/11\/photo_4978950768308628622_w-min-350x234.avif 350w, https:\/\/www.teatrobaralt.org\/__sub\/wp-content\/uploads\/2024\/11\/photo_4978950768308628622_w-min-480x320.avif 480w\" sizes=\"(max-width: 1024px) 100vw, 1024px\" \/>\t\t\t\t\t\t\t\t\t\t\t\t\t\t\t<\/div>\n\t\t\t\t<\/div>\n\t\t\t\t\t<\/div>\n\t\t<\/div>\n\t\t\t\t<div class=\"elementor-column elementor-col-20 elementor-top-column elementor-element elementor-element-f41ca72 elementor-invisible\" data-id=\"f41ca72\" data-element_type=\"column\" data-settings=\"{&quot;animation&quot;:&quot;fadeInRight&quot;}\">\n\t\t\t<div class=\"elementor-widget-wrap elementor-element-populated\">\n\t\t\t\t\t\t<div class=\"elementor-element elementor-element-9c90809 elementor-widget elementor-widget-image\" data-id=\"9c90809\" data-element_type=\"widget\" data-widget_type=\"image.default\">\n\t\t\t\t<div class=\"elementor-widget-container\">\n\t\t\t\t\t\t\t\t\t\t\t\t\t\t\t<img decoding=\"async\" width=\"1024\" height=\"683\" src=\"https:\/\/www.teatrobaralt.org\/__sub\/wp-content\/uploads\/2024\/11\/photo_4978950768308628623_w-min-1024x683.avif\" class=\"attachment-large size-large wp-image-5170\" alt=\"\" srcset=\"https:\/\/www.teatrobaralt.org\/__sub\/wp-content\/uploads\/2024\/11\/photo_4978950768308628623_w-min-1024x683.avif 1024w, https:\/\/www.teatrobaralt.org\/__sub\/wp-content\/uploads\/2024\/11\/photo_4978950768308628623_w-min-300x200.avif 300w, https:\/\/www.teatrobaralt.org\/__sub\/wp-content\/uploads\/2024\/11\/photo_4978950768308628623_w-min-768x512.avif 768w, https:\/\/www.teatrobaralt.org\/__sub\/wp-content\/uploads\/2024\/11\/photo_4978950768308628623_w-min-391x260.avif 391w, https:\/\/www.teatrobaralt.org\/__sub\/wp-content\/uploads\/2024\/11\/photo_4978950768308628623_w-min-1536x1024.avif 1536w, https:\/\/www.teatrobaralt.org\/__sub\/wp-content\/uploads\/2024\/11\/photo_4978950768308628623_w-min-2048x1365.avif 2048w, https:\/\/www.teatrobaralt.org\/__sub\/wp-content\/uploads\/2024\/11\/photo_4978950768308628623_w-min-1000x667.avif 1000w, https:\/\/www.teatrobaralt.org\/__sub\/wp-content\/uploads\/2024\/11\/photo_4978950768308628623_w-min-230x153.avif 230w, https:\/\/www.teatrobaralt.org\/__sub\/wp-content\/uploads\/2024\/11\/photo_4978950768308628623_w-min-350x233.avif 350w, https:\/\/www.teatrobaralt.org\/__sub\/wp-content\/uploads\/2024\/11\/photo_4978950768308628623_w-min-480x320.avif 480w\" sizes=\"(max-width: 1024px) 100vw, 1024px\" \/>\t\t\t\t\t\t\t\t\t\t\t\t\t\t\t<\/div>\n\t\t\t\t<\/div>\n\t\t\t\t\t<\/div>\n\t\t<\/div>\n\t\t\t\t<div class=\"elementor-column elementor-col-20 elementor-top-column elementor-element elementor-element-3e2e9fa elementor-invisible\" data-id=\"3e2e9fa\" data-element_type=\"column\" data-settings=\"{&quot;animation&quot;:&quot;fadeInLeft&quot;}\">\n\t\t\t<div class=\"elementor-widget-wrap elementor-element-populated\">\n\t\t\t\t\t\t<div class=\"elementor-element elementor-element-600f5c9 elementor-widget elementor-widget-image\" data-id=\"600f5c9\" data-element_type=\"widget\" data-widget_type=\"image.default\">\n\t\t\t\t<div class=\"elementor-widget-container\">\n\t\t\t\t\t\t\t\t\t\t\t\t\t\t\t<img loading=\"lazy\" decoding=\"async\" width=\"1024\" height=\"683\" src=\"https:\/\/www.teatrobaralt.org\/__sub\/wp-content\/uploads\/2024\/11\/446200750_-min-1024x683.avif\" class=\"attachment-large size-large wp-image-5166\" alt=\"\" srcset=\"https:\/\/www.teatrobaralt.org\/__sub\/wp-content\/uploads\/2024\/11\/446200750_-min-1024x683.avif 1024w, https:\/\/www.teatrobaralt.org\/__sub\/wp-content\/uploads\/2024\/11\/446200750_-min-300x200.avif 300w, https:\/\/www.teatrobaralt.org\/__sub\/wp-content\/uploads\/2024\/11\/446200750_-min-768x512.avif 768w, https:\/\/www.teatrobaralt.org\/__sub\/wp-content\/uploads\/2024\/11\/446200750_-min-391x260.avif 391w, https:\/\/www.teatrobaralt.org\/__sub\/wp-content\/uploads\/2024\/11\/446200750_-min-1000x667.avif 1000w, https:\/\/www.teatrobaralt.org\/__sub\/wp-content\/uploads\/2024\/11\/446200750_-min-230x153.avif 230w, https:\/\/www.teatrobaralt.org\/__sub\/wp-content\/uploads\/2024\/11\/446200750_-min-350x233.avif 350w, https:\/\/www.teatrobaralt.org\/__sub\/wp-content\/uploads\/2024\/11\/446200750_-min-480x320.avif 480w, https:\/\/www.teatrobaralt.org\/__sub\/wp-content\/uploads\/2024\/11\/446200750_-min-jpg.avif 1080w\" sizes=\"(max-width: 1024px) 100vw, 1024px\" \/>\t\t\t\t\t\t\t\t\t\t\t\t\t\t\t<\/div>\n\t\t\t\t<\/div>\n\t\t\t\t\t<\/div>\n\t\t<\/div>\n\t\t\t\t<div class=\"elementor-column elementor-col-20 elementor-top-column elementor-element elementor-element-0977054 elementor-invisible\" data-id=\"0977054\" data-element_type=\"column\" data-settings=\"{&quot;animation&quot;:&quot;fadeInLeft&quot;}\">\n\t\t\t<div class=\"elementor-widget-wrap elementor-element-populated\">\n\t\t\t\t\t\t<div class=\"elementor-element elementor-element-7e063fc elementor-widget elementor-widget-image\" data-id=\"7e063fc\" data-element_type=\"widget\" data-widget_type=\"image.default\">\n\t\t\t\t<div class=\"elementor-widget-container\">\n\t\t\t\t\t\t\t\t\t\t\t\t\t\t\t<img loading=\"lazy\" decoding=\"async\" width=\"1024\" height=\"683\" src=\"https:\/\/www.teatrobaralt.org\/__sub\/wp-content\/uploads\/2024\/11\/446779029_-min-1024x683.avif\" class=\"attachment-large size-large wp-image-5164\" alt=\"\" srcset=\"https:\/\/www.teatrobaralt.org\/__sub\/wp-content\/uploads\/2024\/11\/446779029_-min-1024x683.avif 1024w, https:\/\/www.teatrobaralt.org\/__sub\/wp-content\/uploads\/2024\/11\/446779029_-min-300x200.avif 300w, https:\/\/www.teatrobaralt.org\/__sub\/wp-content\/uploads\/2024\/11\/446779029_-min-768x512.avif 768w, https:\/\/www.teatrobaralt.org\/__sub\/wp-content\/uploads\/2024\/11\/446779029_-min-391x260.avif 391w, https:\/\/www.teatrobaralt.org\/__sub\/wp-content\/uploads\/2024\/11\/446779029_-min-1000x667.avif 1000w, https:\/\/www.teatrobaralt.org\/__sub\/wp-content\/uploads\/2024\/11\/446779029_-min-230x153.avif 230w, https:\/\/www.teatrobaralt.org\/__sub\/wp-content\/uploads\/2024\/11\/446779029_-min-350x233.avif 350w, https:\/\/www.teatrobaralt.org\/__sub\/wp-content\/uploads\/2024\/11\/446779029_-min-480x320.avif 480w, https:\/\/www.teatrobaralt.org\/__sub\/wp-content\/uploads\/2024\/11\/446779029_-min-jpg.avif 1080w\" sizes=\"(max-width: 1024px) 100vw, 1024px\" \/>\t\t\t\t\t\t\t\t\t\t\t\t\t\t\t<\/div>\n\t\t\t\t<\/div>\n\t\t\t\t\t<\/div>\n\t\t<\/div>\n\t\t\t\t\t<\/div>\n\t\t<\/section>\n\t\t\t\t<section class=\"elementor-section elementor-top-section elementor-element elementor-element-23a48f5 elementor-section-full_width elementor-section-stretched elementor-section-height-default elementor-section-height-default wpr-particle-no wpr-sticky-section-no\" data-id=\"23a48f5\" data-element_type=\"section\" data-settings=\"{&quot;stretch_section&quot;:&quot;section-stretched&quot;}\">\n\t\t\t\t\t\t<div class=\"elementor-container elementor-column-gap-default\">\n\t\t\t\t\t<div class=\"elementor-column elementor-col-25 elementor-top-column elementor-element elementor-element-57dc7a2\" data-id=\"57dc7a2\" data-element_type=\"column\">\n\t\t\t<div class=\"elementor-widget-wrap\">\n\t\t\t\t\t\t\t<\/div>\n\t\t<\/div>\n\t\t\t\t<div class=\"elementor-column elementor-col-50 elementor-top-column elementor-element elementor-element-16f4929\" data-id=\"16f4929\" data-element_type=\"column\">\n\t\t\t<div class=\"elementor-widget-wrap elementor-element-populated\">\n\t\t\t\t\t\t<div class=\"elementor-element elementor-element-a019856 elementor-widget elementor-widget-heading\" data-id=\"a019856\" data-element_type=\"widget\" data-widget_type=\"heading.default\">\n\t\t\t\t<div class=\"elementor-widget-container\">\n\t\t\t\t\t<h4 class=\"elementor-heading-title elementor-size-default\">CENTRO DE FORMACI\u00d3N GAITA BARALT<\/h4>\t\t\t\t<\/div>\n\t\t\t\t<\/div>\n\t\t\t\t<div class=\"elementor-element elementor-element-0f09177 elementor-widget elementor-widget-image\" data-id=\"0f09177\" data-element_type=\"widget\" data-widget_type=\"image.default\">\n\t\t\t\t<div class=\"elementor-widget-container\">\n\t\t\t\t\t\t\t\t\t\t\t\t\t\t\t<img loading=\"lazy\" decoding=\"async\" width=\"300\" height=\"52\" src=\"https:\/\/www.teatrobaralt.org\/__sub\/wp-content\/uploads\/2024\/04\/separador-300.png\" class=\"attachment-large size-large wp-image-3162\" alt=\"\" srcset=\"https:\/\/www.teatrobaralt.org\/__sub\/wp-content\/uploads\/2024\/04\/separador-300.png 300w, https:\/\/www.teatrobaralt.org\/__sub\/wp-content\/uploads\/2024\/04\/separador-300-230x40.png 230w\" sizes=\"(max-width: 300px) 100vw, 300px\" \/>\t\t\t\t\t\t\t\t\t\t\t\t\t\t\t<\/div>\n\t\t\t\t<\/div>\n\t\t\t\t\t<\/div>\n\t\t<\/div>\n\t\t\t\t<div class=\"elementor-column elementor-col-25 elementor-top-column elementor-element elementor-element-3c0fe30\" data-id=\"3c0fe30\" data-element_type=\"column\">\n\t\t\t<div class=\"elementor-widget-wrap\">\n\t\t\t\t\t\t\t<\/div>\n\t\t<\/div>\n\t\t\t\t\t<\/div>\n\t\t<\/section>\n\t\t\t\t<section class=\"elementor-section elementor-top-section elementor-element elementor-element-85c2a8a elementor-section-full_width elementor-section-stretched elementor-section-height-default elementor-section-height-default wpr-particle-no wpr-sticky-section-no elementor-invisible\" data-id=\"85c2a8a\" data-element_type=\"section\" data-settings=\"{&quot;stretch_section&quot;:&quot;section-stretched&quot;,&quot;animation&quot;:&quot;fadeInLeft&quot;}\">\n\t\t\t\t\t\t<div class=\"elementor-container elementor-column-gap-default\">\n\t\t\t\t\t<div class=\"elementor-column elementor-col-16 elementor-top-column elementor-element elementor-element-63f01e8\" data-id=\"63f01e8\" data-element_type=\"column\">\n\t\t\t<div class=\"elementor-widget-wrap elementor-element-populated\">\n\t\t\t\t\t\t<div class=\"elementor-element elementor-element-395e83d elementor-widget elementor-widget-image\" data-id=\"395e83d\" data-element_type=\"widget\" data-widget_type=\"image.default\">\n\t\t\t\t<div class=\"elementor-widget-container\">\n\t\t\t\t\t\t\t\t\t\t\t\t\t\t\t<img loading=\"lazy\" decoding=\"async\" width=\"100\" height=\"100\" src=\"https:\/\/www.teatrobaralt.org\/__sub\/wp-content\/uploads\/2024\/10\/logos_cf_gaita-png.avif\" class=\"attachment-large size-large wp-image-4551\" alt=\"\" \/>\t\t\t\t\t\t\t\t\t\t\t\t\t\t\t<\/div>\n\t\t\t\t<\/div>\n\t\t\t\t\t<\/div>\n\t\t<\/div>\n\t\t\t\t<div class=\"elementor-column elementor-col-66 elementor-top-column elementor-element elementor-element-0d7b85d\" data-id=\"0d7b85d\" data-element_type=\"column\">\n\t\t\t<div class=\"elementor-widget-wrap elementor-element-populated\">\n\t\t\t\t\t\t<div class=\"elementor-element elementor-element-a317fa3 elementor-widget elementor-widget-spacer\" data-id=\"a317fa3\" data-element_type=\"widget\" data-widget_type=\"spacer.default\">\n\t\t\t\t<div class=\"elementor-widget-container\">\n\t\t\t\t\t\t\t<div class=\"elementor-spacer\">\n\t\t\t<div class=\"elementor-spacer-inner\"><\/div>\n\t\t<\/div>\n\t\t\t\t\t\t<\/div>\n\t\t\t\t<\/div>\n\t\t\t\t<div class=\"elementor-element elementor-element-1504fcd elementor-widget elementor-widget-heading\" data-id=\"1504fcd\" data-element_type=\"widget\" data-widget_type=\"heading.default\">\n\t\t\t\t<div class=\"elementor-widget-container\">\n\t\t\t\t\t<h4 class=\"elementor-heading-title elementor-size-default\">Despierta el ritmo de tu coraz\u00f3n en el Centro de Formaci\u00f3n Gaita Baralt.<br\/>\nUn espacio donde la tradici\u00f3n se fusiona con la innovaci\u00f3n.<\/h4>\t\t\t\t<\/div>\n\t\t\t\t<\/div>\n\t\t\t\t<div class=\"elementor-element elementor-element-bdb3f15 elementor-widget elementor-widget-spacer\" data-id=\"bdb3f15\" data-element_type=\"widget\" data-widget_type=\"spacer.default\">\n\t\t\t\t<div class=\"elementor-widget-container\">\n\t\t\t\t\t\t\t<div class=\"elementor-spacer\">\n\t\t\t<div class=\"elementor-spacer-inner\"><\/div>\n\t\t<\/div>\n\t\t\t\t\t\t<\/div>\n\t\t\t\t<\/div>\n\t\t\t\t<div class=\"elementor-element elementor-element-ba30da1 elementor-widget elementor-widget-text-editor\" data-id=\"ba30da1\" data-element_type=\"widget\" data-widget_type=\"text-editor.default\">\n\t\t\t\t<div class=\"elementor-widget-container\">\n\t\t\t\t\t\t\t\t\t<p>El Centro de Formaci\u00f3n Gaita Baralt te invita a un viaje apasionante al coraz\u00f3n de la gaita zuliana, donde descubrir\u00e1s la riqueza cultural de este g\u00e9nero musical emblem\u00e1tico del estado Zulia. Aprende de la mano de maestros expertos en la gaita, quienes te guiar\u00e1n en el desarrollo de tus habilidades musicales y tu pasi\u00f3n por este ritmo contagioso.<\/p><p><strong>M\u00e1s que una m\u00fasica, una expresi\u00f3n cultural.<\/strong><\/p><p>Sum\u00e9rgete en un universo de tradici\u00f3n y alegr\u00eda donde la gaita se convierte en la identidad del pueblo zuliano. Explora los diferentes estilos de gaita, desde la tradicional hasta la moderna, y aprende a tocar los instrumentos que le dan vida a este g\u00e9nero: furro, tambora, charrasca, maracas y cuatro.<\/p><p><strong>Un equipo de profesionales apasionados te guiar\u00e1 en tu viaje.<\/strong><\/p><p>En el Centro de Formaci\u00f3n Gaita Baralt, recibir\u00e1s una formaci\u00f3n personalizada que se adaptar\u00e1 a tus necesidades y objetivos. Descubrir\u00e1s tu propio talento musical y aprender\u00e1s a expresarlo con pasi\u00f3n y autenticidad.<\/p><p><strong>Un espacio para crecer, compartir y crear.<\/strong><\/p>\t\t\t\t\t\t\t\t<\/div>\n\t\t\t\t<\/div>\n\t\t\t\t<div class=\"elementor-element elementor-element-dd1b300 elementor-widget elementor-widget-spacer\" data-id=\"dd1b300\" data-element_type=\"widget\" data-widget_type=\"spacer.default\">\n\t\t\t\t<div class=\"elementor-widget-container\">\n\t\t\t\t\t\t\t<div class=\"elementor-spacer\">\n\t\t\t<div class=\"elementor-spacer-inner\"><\/div>\n\t\t<\/div>\n\t\t\t\t\t\t<\/div>\n\t\t\t\t<\/div>\n\t\t\t\t\t<\/div>\n\t\t<\/div>\n\t\t\t\t<div class=\"elementor-column elementor-col-16 elementor-top-column elementor-element elementor-element-f746014\" data-id=\"f746014\" data-element_type=\"column\">\n\t\t\t<div class=\"elementor-widget-wrap\">\n\t\t\t\t\t\t\t<\/div>\n\t\t<\/div>\n\t\t\t\t\t<\/div>\n\t\t<\/section>\n\t\t\t\t<section class=\"elementor-section elementor-top-section elementor-element elementor-element-995a464 elementor-section-full_width elementor-section-stretched elementor-section-height-default elementor-section-height-default wpr-particle-no wpr-sticky-section-no elementor-invisible\" data-id=\"995a464\" data-element_type=\"section\" data-settings=\"{&quot;stretch_section&quot;:&quot;section-stretched&quot;,&quot;animation&quot;:&quot;fadeInRight&quot;}\">\n\t\t\t\t\t\t<div class=\"elementor-container elementor-column-gap-default\">\n\t\t\t\t\t<div class=\"elementor-column elementor-col-33 elementor-top-column elementor-element elementor-element-837b75e\" data-id=\"837b75e\" data-element_type=\"column\">\n\t\t\t<div class=\"elementor-widget-wrap elementor-element-populated\">\n\t\t\t\t\t\t<div class=\"elementor-element elementor-element-6180a52 elementor-widget elementor-widget-image\" data-id=\"6180a52\" data-element_type=\"widget\" data-widget_type=\"image.default\">\n\t\t\t\t<div class=\"elementor-widget-container\">\n\t\t\t\t\t\t\t\t\t\t\t\t\t\t\t\t<a href=\"http:\/\/www.teatrobaralt.org\/__sub\/wp-content\/uploads\/2024\/10\/teatrobaralt_pantallas_companias_gaita-baralt-min.jpg\" data-elementor-open-lightbox=\"yes\" data-elementor-lightbox-title=\"teatrobaralt_pantallas_compa\u00f1ias_gaita-baralt-min\" data-e-action-hash=\"#elementor-action%3Aaction%3Dlightbox%26settings%3DeyJpZCI6NDI1MCwidXJsIjoiaHR0cHM6XC9cL3d3dy50ZWF0cm9iYXJhbHQub3JnXC9fX3N1Ylwvd3AtY29udGVudFwvdXBsb2Fkc1wvMjAyNFwvMTBcL3RlYXRyb2JhcmFsdF9wYW50YWxsYXNfY29tcGFuaWFzX2dhaXRhLWJhcmFsdC1taW4uanBnIn0%3D\">\n\t\t\t\t\t\t\t<img loading=\"lazy\" decoding=\"async\" width=\"700\" height=\"875\" src=\"https:\/\/www.teatrobaralt.org\/__sub\/wp-content\/uploads\/2024\/10\/teatrobaralt_pantallas_companias_gaita-baralt-min.jpg\" class=\"attachment-full size-full wp-image-4250\" alt=\"\" srcset=\"https:\/\/www.teatrobaralt.org\/__sub\/wp-content\/uploads\/2024\/10\/teatrobaralt_pantallas_companias_gaita-baralt-min.jpg 700w, https:\/\/www.teatrobaralt.org\/__sub\/wp-content\/uploads\/2024\/10\/teatrobaralt_pantallas_companias_gaita-baralt-min-240x300.webp 240w, https:\/\/www.teatrobaralt.org\/__sub\/wp-content\/uploads\/2024\/10\/teatrobaralt_pantallas_companias_gaita-baralt-min-230x288.webp 230w, https:\/\/www.teatrobaralt.org\/__sub\/wp-content\/uploads\/2024\/10\/teatrobaralt_pantallas_companias_gaita-baralt-min-350x438.webp 350w, https:\/\/www.teatrobaralt.org\/__sub\/wp-content\/uploads\/2024\/10\/teatrobaralt_pantallas_companias_gaita-baralt-min-480x600.webp 480w\" sizes=\"(max-width: 700px) 100vw, 700px\" \/>\t\t\t\t\t\t\t\t<\/a>\n\t\t\t\t\t\t\t\t\t\t\t\t\t\t\t<\/div>\n\t\t\t\t<\/div>\n\t\t\t\t\t<\/div>\n\t\t<\/div>\n\t\t\t\t<div class=\"elementor-column elementor-col-66 elementor-top-column elementor-element elementor-element-20b7ea1\" data-id=\"20b7ea1\" data-element_type=\"column\">\n\t\t\t<div class=\"elementor-widget-wrap elementor-element-populated\">\n\t\t\t\t\t\t<div class=\"elementor-element elementor-element-f3c998f elementor-widget elementor-widget-text-editor\" data-id=\"f3c998f\" data-element_type=\"widget\" data-widget_type=\"text-editor.default\">\n\t\t\t\t<div class=\"elementor-widget-container\">\n\t\t\t\t\t\t\t\t\t<p>El Centro de Formaci\u00f3n Gaita Baralt te ofrece:<\/p><ul><li>Clases para todas las edades y niveles, desde principiantes hasta avanzados.<\/li><li>Un ambiente de aprendizaje din\u00e1mico, creativo y colaborativo.<\/li><li>Oportunidades para participar en talleres, masterclasses, presentaciones en vivo y grabaciones musicales.<\/li><li>La posibilidad de conectar con otros apasionados por la gaita y formar parte de una comunidad vibrante.<\/li><\/ul><p><strong>\u00bfEst\u00e1s listo para dar el primer paso?<\/strong><\/p><p><strong>Inscr\u00edbete hoy mismo en el Centro de Formaci\u00f3n Gaita Baralt y comienza a explorar un mundo de ritmo, tradici\u00f3n y expresi\u00f3n cultural.<\/strong><\/p><p><strong>\u00a1Te esperamos!<\/strong><\/p><p><strong>Ven a cantar y tocar con nosotros y descubre la magia de la gaita zuliana.<\/strong><\/p>\t\t\t\t\t\t\t\t<\/div>\n\t\t\t\t<\/div>\n\t\t\t\t\t<\/div>\n\t\t<\/div>\n\t\t\t\t\t<\/div>\n\t\t<\/section>\n\t\t\t\t<\/div>\n\t\t","protected":false},"excerpt":{"rendered":"<p>CENTRO DE FORMACI\u00d3N GAITA BARALT Despierta el ritmo de tu coraz\u00f3n en el Centro de Formaci\u00f3n Gaita Baralt. Un espacio donde la<\/p>\n","protected":false},"author":1,"featured_media":0,"parent":0,"menu_order":0,"comment_status":"closed","ping_status":"closed","template":"","meta":{"footnotes":""},"class_list":["post-5136","page","type-page","status-publish","hentry"],"_links":{"self":[{"href":"https:\/\/www.teatrobaralt.org\/__sub\/wp-json\/wp\/v2\/pages\/5136","targetHints":{"allow":["GET"]}}],"collection":[{"href":"https:\/\/www.teatrobaralt.org\/__sub\/wp-json\/wp\/v2\/pages"}],"about":[{"href":"https:\/\/www.teatrobaralt.org\/__sub\/wp-json\/wp\/v2\/types\/page"}],"author":[{"embeddable":true,"href":"https:\/\/www.teatrobaralt.org\/__sub\/wp-json\/wp\/v2\/users\/1"}],"replies":[{"embeddable":true,"href":"https:\/\/www.teatrobaralt.org\/__sub\/wp-json\/wp\/v2\/comments?post=5136"}],"version-history":[{"count":10,"href":"https:\/\/www.teatrobaralt.org\/__sub\/wp-json\/wp\/v2\/pages\/5136\/revisions"}],"predecessor-version":[{"id":5191,"href":"https:\/\/www.teatrobaralt.org\/__sub\/wp-json\/wp\/v2\/pages\/5136\/revisions\/5191"}],"wp:attachment":[{"href":"https:\/\/www.teatrobaralt.org\/__sub\/wp-json\/wp\/v2\/media?parent=5136"}],"curies":[{"name":"wp","href":"https:\/\/api.w.org\/{rel}","templated":true}]}}