{"id":5131,"date":"2024-11-25T15:37:10","date_gmt":"2024-11-25T19:37:10","guid":{"rendered":"https:\/\/www.teatrobaralt.org\/__sub\/?page_id=5131"},"modified":"2024-11-25T16:39:49","modified_gmt":"2024-11-25T20:39:49","slug":"centro-de-formacion-ballet-baralt","status":"publish","type":"page","link":"https:\/\/www.teatrobaralt.org\/__sub\/centro-de-formacion-ballet-baralt\/","title":{"rendered":"CENTRO DE FORMACI\u00d3N BALLET BARALT"},"content":{"rendered":"\t\t<div data-elementor-type=\"wp-page\" data-elementor-id=\"5131\" class=\"elementor elementor-5131\">\n\t\t\t\t\t\t<section class=\"elementor-section elementor-top-section elementor-element elementor-element-c2efb3a elementor-section-full_width elementor-section-stretched elementor-section-height-default elementor-section-height-default wpr-particle-no wpr-sticky-section-no\" data-id=\"c2efb3a\" data-element_type=\"section\" data-settings=\"{&quot;stretch_section&quot;:&quot;section-stretched&quot;}\">\n\t\t\t\t\t\t<div class=\"elementor-container elementor-column-gap-default\">\n\t\t\t\t\t<div class=\"elementor-column elementor-col-20 elementor-top-column elementor-element elementor-element-4fdd9dd elementor-invisible\" data-id=\"4fdd9dd\" data-element_type=\"column\" data-settings=\"{&quot;animation&quot;:&quot;fadeInRight&quot;}\">\n\t\t\t<div class=\"elementor-widget-wrap elementor-element-populated\">\n\t\t\t\t\t\t<div class=\"elementor-element elementor-element-c490b05 elementor-widget elementor-widget-image\" data-id=\"c490b05\" data-element_type=\"widget\" data-widget_type=\"image.default\">\n\t\t\t\t<div class=\"elementor-widget-container\">\n\t\t\t\t\t\t\t\t\t\t\t\t\t\t\t<img fetchpriority=\"high\" decoding=\"async\" width=\"491\" height=\"300\" src=\"https:\/\/www.teatrobaralt.org\/__sub\/wp-content\/uploads\/2024\/04\/ballet7-jpg.webp\" class=\"attachment-large size-large wp-image-3861\" alt=\"\" srcset=\"https:\/\/www.teatrobaralt.org\/__sub\/wp-content\/uploads\/2024\/04\/ballet7-jpg.webp 491w, https:\/\/www.teatrobaralt.org\/__sub\/wp-content\/uploads\/2024\/04\/ballet7-300x183.webp 300w, https:\/\/www.teatrobaralt.org\/__sub\/wp-content\/uploads\/2024\/04\/ballet7-230x141.webp 230w, https:\/\/www.teatrobaralt.org\/__sub\/wp-content\/uploads\/2024\/04\/ballet7-350x214.webp 350w, https:\/\/www.teatrobaralt.org\/__sub\/wp-content\/uploads\/2024\/04\/ballet7-480x293.webp 480w\" sizes=\"(max-width: 491px) 100vw, 491px\" \/>\t\t\t\t\t\t\t\t\t\t\t\t\t\t\t<\/div>\n\t\t\t\t<\/div>\n\t\t\t\t\t<\/div>\n\t\t<\/div>\n\t\t\t\t<div class=\"elementor-column elementor-col-20 elementor-top-column elementor-element elementor-element-7eb7694 elementor-invisible\" data-id=\"7eb7694\" data-element_type=\"column\" data-settings=\"{&quot;animation&quot;:&quot;fadeInRight&quot;}\">\n\t\t\t<div class=\"elementor-widget-wrap elementor-element-populated\">\n\t\t\t\t\t\t<div class=\"elementor-element elementor-element-e66b5fa elementor-widget elementor-widget-image\" data-id=\"e66b5fa\" data-element_type=\"widget\" data-widget_type=\"image.default\">\n\t\t\t\t<div class=\"elementor-widget-container\">\n\t\t\t\t\t\t\t\t\t\t\t\t\t\t\t<img decoding=\"async\" width=\"491\" height=\"300\" src=\"https:\/\/www.teatrobaralt.org\/__sub\/wp-content\/uploads\/2024\/04\/ballet6-jpg.webp\" class=\"attachment-large size-large wp-image-3860\" alt=\"\" srcset=\"https:\/\/www.teatrobaralt.org\/__sub\/wp-content\/uploads\/2024\/04\/ballet6-jpg.webp 491w, https:\/\/www.teatrobaralt.org\/__sub\/wp-content\/uploads\/2024\/04\/ballet6-300x183.webp 300w, https:\/\/www.teatrobaralt.org\/__sub\/wp-content\/uploads\/2024\/04\/ballet6-230x141.webp 230w, https:\/\/www.teatrobaralt.org\/__sub\/wp-content\/uploads\/2024\/04\/ballet6-350x214.webp 350w, https:\/\/www.teatrobaralt.org\/__sub\/wp-content\/uploads\/2024\/04\/ballet6-480x293.webp 480w\" sizes=\"(max-width: 491px) 100vw, 491px\" \/>\t\t\t\t\t\t\t\t\t\t\t\t\t\t\t<\/div>\n\t\t\t\t<\/div>\n\t\t\t\t\t<\/div>\n\t\t<\/div>\n\t\t\t\t<div class=\"elementor-column elementor-col-20 elementor-top-column elementor-element elementor-element-f41ca72 elementor-invisible\" data-id=\"f41ca72\" data-element_type=\"column\" data-settings=\"{&quot;animation&quot;:&quot;fadeInRight&quot;}\">\n\t\t\t<div class=\"elementor-widget-wrap elementor-element-populated\">\n\t\t\t\t\t\t<div class=\"elementor-element elementor-element-9c90809 elementor-widget elementor-widget-image\" data-id=\"9c90809\" data-element_type=\"widget\" data-widget_type=\"image.default\">\n\t\t\t\t<div class=\"elementor-widget-container\">\n\t\t\t\t\t\t\t\t\t\t\t\t\t\t\t<img decoding=\"async\" width=\"491\" height=\"300\" src=\"https:\/\/www.teatrobaralt.org\/__sub\/wp-content\/uploads\/2024\/04\/ballet4-jpg.webp\" class=\"attachment-large size-large wp-image-3858\" alt=\"\" srcset=\"https:\/\/www.teatrobaralt.org\/__sub\/wp-content\/uploads\/2024\/04\/ballet4-jpg.webp 491w, https:\/\/www.teatrobaralt.org\/__sub\/wp-content\/uploads\/2024\/04\/ballet4-300x183.webp 300w, https:\/\/www.teatrobaralt.org\/__sub\/wp-content\/uploads\/2024\/04\/ballet4-230x141.webp 230w, https:\/\/www.teatrobaralt.org\/__sub\/wp-content\/uploads\/2024\/04\/ballet4-350x214.webp 350w, https:\/\/www.teatrobaralt.org\/__sub\/wp-content\/uploads\/2024\/04\/ballet4-480x293.webp 480w\" sizes=\"(max-width: 491px) 100vw, 491px\" \/>\t\t\t\t\t\t\t\t\t\t\t\t\t\t\t<\/div>\n\t\t\t\t<\/div>\n\t\t\t\t\t<\/div>\n\t\t<\/div>\n\t\t\t\t<div class=\"elementor-column elementor-col-20 elementor-top-column elementor-element elementor-element-3e2e9fa elementor-invisible\" data-id=\"3e2e9fa\" data-element_type=\"column\" data-settings=\"{&quot;animation&quot;:&quot;fadeInLeft&quot;}\">\n\t\t\t<div class=\"elementor-widget-wrap elementor-element-populated\">\n\t\t\t\t\t\t<div class=\"elementor-element elementor-element-600f5c9 elementor-widget elementor-widget-image\" data-id=\"600f5c9\" data-element_type=\"widget\" data-widget_type=\"image.default\">\n\t\t\t\t<div class=\"elementor-widget-container\">\n\t\t\t\t\t\t\t\t\t\t\t\t\t\t\t<img loading=\"lazy\" decoding=\"async\" width=\"491\" height=\"300\" src=\"https:\/\/www.teatrobaralt.org\/__sub\/wp-content\/uploads\/2024\/04\/ballet3-jpg.webp\" class=\"attachment-large size-large wp-image-3857\" alt=\"\" srcset=\"https:\/\/www.teatrobaralt.org\/__sub\/wp-content\/uploads\/2024\/04\/ballet3-jpg.webp 491w, https:\/\/www.teatrobaralt.org\/__sub\/wp-content\/uploads\/2024\/04\/ballet3-300x183.webp 300w, https:\/\/www.teatrobaralt.org\/__sub\/wp-content\/uploads\/2024\/04\/ballet3-230x141.webp 230w, https:\/\/www.teatrobaralt.org\/__sub\/wp-content\/uploads\/2024\/04\/ballet3-350x214.webp 350w, https:\/\/www.teatrobaralt.org\/__sub\/wp-content\/uploads\/2024\/04\/ballet3-480x293.webp 480w\" sizes=\"(max-width: 491px) 100vw, 491px\" \/>\t\t\t\t\t\t\t\t\t\t\t\t\t\t\t<\/div>\n\t\t\t\t<\/div>\n\t\t\t\t\t<\/div>\n\t\t<\/div>\n\t\t\t\t<div class=\"elementor-column elementor-col-20 elementor-top-column elementor-element elementor-element-0977054 elementor-invisible\" data-id=\"0977054\" data-element_type=\"column\" data-settings=\"{&quot;animation&quot;:&quot;fadeInLeft&quot;}\">\n\t\t\t<div class=\"elementor-widget-wrap elementor-element-populated\">\n\t\t\t\t\t\t<div class=\"elementor-element elementor-element-7e063fc elementor-widget elementor-widget-image\" data-id=\"7e063fc\" data-element_type=\"widget\" data-widget_type=\"image.default\">\n\t\t\t\t<div class=\"elementor-widget-container\">\n\t\t\t\t\t\t\t\t\t\t\t\t\t\t\t<img loading=\"lazy\" decoding=\"async\" width=\"491\" height=\"300\" src=\"https:\/\/www.teatrobaralt.org\/__sub\/wp-content\/uploads\/2024\/04\/ballet2-jpg.webp\" class=\"attachment-large size-large wp-image-3856\" alt=\"\" srcset=\"https:\/\/www.teatrobaralt.org\/__sub\/wp-content\/uploads\/2024\/04\/ballet2-jpg.webp 491w, https:\/\/www.teatrobaralt.org\/__sub\/wp-content\/uploads\/2024\/04\/ballet2-300x183.webp 300w, https:\/\/www.teatrobaralt.org\/__sub\/wp-content\/uploads\/2024\/04\/ballet2-230x141.webp 230w, https:\/\/www.teatrobaralt.org\/__sub\/wp-content\/uploads\/2024\/04\/ballet2-350x214.webp 350w, https:\/\/www.teatrobaralt.org\/__sub\/wp-content\/uploads\/2024\/04\/ballet2-480x293.webp 480w\" sizes=\"(max-width: 491px) 100vw, 491px\" \/>\t\t\t\t\t\t\t\t\t\t\t\t\t\t\t<\/div>\n\t\t\t\t<\/div>\n\t\t\t\t\t<\/div>\n\t\t<\/div>\n\t\t\t\t\t<\/div>\n\t\t<\/section>\n\t\t\t\t<section class=\"elementor-section elementor-top-section elementor-element elementor-element-23a48f5 elementor-section-full_width elementor-section-stretched elementor-section-height-default elementor-section-height-default wpr-particle-no wpr-sticky-section-no\" data-id=\"23a48f5\" data-element_type=\"section\" data-settings=\"{&quot;stretch_section&quot;:&quot;section-stretched&quot;}\">\n\t\t\t\t\t\t<div class=\"elementor-container elementor-column-gap-default\">\n\t\t\t\t\t<div class=\"elementor-column elementor-col-25 elementor-top-column elementor-element elementor-element-57dc7a2\" data-id=\"57dc7a2\" data-element_type=\"column\">\n\t\t\t<div class=\"elementor-widget-wrap\">\n\t\t\t\t\t\t\t<\/div>\n\t\t<\/div>\n\t\t\t\t<div class=\"elementor-column elementor-col-50 elementor-top-column elementor-element elementor-element-16f4929\" data-id=\"16f4929\" data-element_type=\"column\">\n\t\t\t<div class=\"elementor-widget-wrap elementor-element-populated\">\n\t\t\t\t\t\t<div class=\"elementor-element elementor-element-a019856 elementor-widget elementor-widget-heading\" data-id=\"a019856\" data-element_type=\"widget\" data-widget_type=\"heading.default\">\n\t\t\t\t<div class=\"elementor-widget-container\">\n\t\t\t\t\t<h4 class=\"elementor-heading-title elementor-size-default\">CENTRO DE FORMACI\u00d3N  BALLET BARALT<\/h4>\t\t\t\t<\/div>\n\t\t\t\t<\/div>\n\t\t\t\t<div class=\"elementor-element elementor-element-0f09177 elementor-widget elementor-widget-image\" data-id=\"0f09177\" data-element_type=\"widget\" data-widget_type=\"image.default\">\n\t\t\t\t<div class=\"elementor-widget-container\">\n\t\t\t\t\t\t\t\t\t\t\t\t\t\t\t<img loading=\"lazy\" decoding=\"async\" width=\"300\" height=\"52\" src=\"https:\/\/www.teatrobaralt.org\/__sub\/wp-content\/uploads\/2024\/04\/separador-300.png\" class=\"attachment-large size-large wp-image-3162\" alt=\"\" srcset=\"https:\/\/www.teatrobaralt.org\/__sub\/wp-content\/uploads\/2024\/04\/separador-300.png 300w, https:\/\/www.teatrobaralt.org\/__sub\/wp-content\/uploads\/2024\/04\/separador-300-230x40.png 230w\" sizes=\"(max-width: 300px) 100vw, 300px\" \/>\t\t\t\t\t\t\t\t\t\t\t\t\t\t\t<\/div>\n\t\t\t\t<\/div>\n\t\t\t\t\t<\/div>\n\t\t<\/div>\n\t\t\t\t<div class=\"elementor-column elementor-col-25 elementor-top-column elementor-element elementor-element-3c0fe30\" data-id=\"3c0fe30\" data-element_type=\"column\">\n\t\t\t<div class=\"elementor-widget-wrap\">\n\t\t\t\t\t\t\t<\/div>\n\t\t<\/div>\n\t\t\t\t\t<\/div>\n\t\t<\/section>\n\t\t\t\t<section class=\"elementor-section elementor-top-section elementor-element elementor-element-85c2a8a elementor-section-full_width elementor-section-stretched elementor-section-height-default elementor-section-height-default wpr-particle-no wpr-sticky-section-no elementor-invisible\" data-id=\"85c2a8a\" data-element_type=\"section\" data-settings=\"{&quot;stretch_section&quot;:&quot;section-stretched&quot;,&quot;animation&quot;:&quot;fadeInLeft&quot;}\">\n\t\t\t\t\t\t<div class=\"elementor-container elementor-column-gap-default\">\n\t\t\t\t\t<div class=\"elementor-column elementor-col-16 elementor-top-column elementor-element elementor-element-63f01e8\" data-id=\"63f01e8\" data-element_type=\"column\">\n\t\t\t<div class=\"elementor-widget-wrap elementor-element-populated\">\n\t\t\t\t\t\t<div class=\"elementor-element elementor-element-395e83d elementor-widget elementor-widget-image\" data-id=\"395e83d\" data-element_type=\"widget\" data-widget_type=\"image.default\">\n\t\t\t\t<div class=\"elementor-widget-container\">\n\t\t\t\t\t\t\t\t\t\t\t\t\t\t\t<img loading=\"lazy\" decoding=\"async\" width=\"100\" height=\"100\" src=\"https:\/\/www.teatrobaralt.org\/__sub\/wp-content\/uploads\/2024\/10\/logos_cf_balllet-png.avif\" class=\"attachment-large size-large wp-image-4544\" alt=\"\" \/>\t\t\t\t\t\t\t\t\t\t\t\t\t\t\t<\/div>\n\t\t\t\t<\/div>\n\t\t\t\t\t<\/div>\n\t\t<\/div>\n\t\t\t\t<div class=\"elementor-column elementor-col-66 elementor-top-column elementor-element elementor-element-0d7b85d\" data-id=\"0d7b85d\" data-element_type=\"column\">\n\t\t\t<div class=\"elementor-widget-wrap elementor-element-populated\">\n\t\t\t\t\t\t<div class=\"elementor-element elementor-element-a317fa3 elementor-widget elementor-widget-spacer\" data-id=\"a317fa3\" data-element_type=\"widget\" data-widget_type=\"spacer.default\">\n\t\t\t\t<div class=\"elementor-widget-container\">\n\t\t\t\t\t\t\t<div class=\"elementor-spacer\">\n\t\t\t<div class=\"elementor-spacer-inner\"><\/div>\n\t\t<\/div>\n\t\t\t\t\t\t<\/div>\n\t\t\t\t<\/div>\n\t\t\t\t<div class=\"elementor-element elementor-element-1504fcd elementor-widget elementor-widget-heading\" data-id=\"1504fcd\" data-element_type=\"widget\" data-widget_type=\"heading.default\">\n\t\t\t\t<div class=\"elementor-widget-container\">\n\t\t\t\t\t<h4 class=\"elementor-heading-title elementor-size-default\">Despierta la gracia y la elegancia en el Centro de Formaci\u00f3n Ballet Baralt<br\/>Un espacio donde tu cuerpo se convierte en arte en movimiento.\n<\/h4>\t\t\t\t<\/div>\n\t\t\t\t<\/div>\n\t\t\t\t<div class=\"elementor-element elementor-element-bdb3f15 elementor-widget elementor-widget-spacer\" data-id=\"bdb3f15\" data-element_type=\"widget\" data-widget_type=\"spacer.default\">\n\t\t\t\t<div class=\"elementor-widget-container\">\n\t\t\t\t\t\t\t<div class=\"elementor-spacer\">\n\t\t\t<div class=\"elementor-spacer-inner\"><\/div>\n\t\t<\/div>\n\t\t\t\t\t\t<\/div>\n\t\t\t\t<\/div>\n\t\t\t\t<div class=\"elementor-element elementor-element-ba30da1 elementor-widget elementor-widget-text-editor\" data-id=\"ba30da1\" data-element_type=\"widget\" data-widget_type=\"text-editor.default\">\n\t\t\t\t<div class=\"elementor-widget-container\">\n\t\t\t\t\t\t\t\t\t<p>El Centro de Formaci\u00f3n Ballet Baralt te invita a un viaje m\u00e1gico al mundo del ballet cl\u00e1sico, donde descubrir\u00e1s la belleza y la disciplina propia del ballet. Aprende de la mano de maestros experimentados y apasionados por el ballet, quienes te guiar\u00e1n en el desarrollo de tu t\u00e9cnica y tu expresi\u00f3n art\u00edstica.<\/p><p><strong>M\u00e1s que una t\u00e9cnica, una forma de vida.<\/strong><\/p><p>Sum\u00e9rgete en un universo de armon\u00eda y movimiento donde la precisi\u00f3n se fusiona con la elegancia. Desarrolla tu coordinaci\u00f3n, flexibilidad, fuerza y resistencia mientras aprendes los fundamentos del ballet cl\u00e1sico: posiciones de pies y brazos, trabajo de barra, coreograf\u00edas y variaciones corporales.<\/p><p><strong>Un equipo de profesionales apasionados te guiar\u00e1 en tu viaje.<\/strong><\/p><p>En el Centro de Formaci\u00f3n Ballet Baralt, recibir\u00e1s una formaci\u00f3n personalizada que se adaptar\u00e1 a tus necesidades y objetivos. Descubrir\u00e1s tu propio potencial como bailar\u00edn y aprender\u00e1s a expresarlo con gracia y seguridad.<\/p><p><strong>Un espacio para crecer, compartir y crear.<\/strong><\/p>\t\t\t\t\t\t\t\t<\/div>\n\t\t\t\t<\/div>\n\t\t\t\t<div class=\"elementor-element elementor-element-dd1b300 elementor-widget elementor-widget-spacer\" data-id=\"dd1b300\" data-element_type=\"widget\" data-widget_type=\"spacer.default\">\n\t\t\t\t<div class=\"elementor-widget-container\">\n\t\t\t\t\t\t\t<div class=\"elementor-spacer\">\n\t\t\t<div class=\"elementor-spacer-inner\"><\/div>\n\t\t<\/div>\n\t\t\t\t\t\t<\/div>\n\t\t\t\t<\/div>\n\t\t\t\t\t<\/div>\n\t\t<\/div>\n\t\t\t\t<div class=\"elementor-column elementor-col-16 elementor-top-column elementor-element elementor-element-f746014\" data-id=\"f746014\" data-element_type=\"column\">\n\t\t\t<div class=\"elementor-widget-wrap\">\n\t\t\t\t\t\t\t<\/div>\n\t\t<\/div>\n\t\t\t\t\t<\/div>\n\t\t<\/section>\n\t\t\t\t<section class=\"elementor-section elementor-top-section elementor-element elementor-element-995a464 elementor-section-full_width elementor-section-stretched elementor-section-height-default elementor-section-height-default wpr-particle-no wpr-sticky-section-no elementor-invisible\" data-id=\"995a464\" data-element_type=\"section\" data-settings=\"{&quot;stretch_section&quot;:&quot;section-stretched&quot;,&quot;animation&quot;:&quot;fadeInRight&quot;}\">\n\t\t\t\t\t\t<div class=\"elementor-container elementor-column-gap-default\">\n\t\t\t\t\t<div class=\"elementor-column elementor-col-33 elementor-top-column elementor-element elementor-element-837b75e\" data-id=\"837b75e\" data-element_type=\"column\">\n\t\t\t<div class=\"elementor-widget-wrap elementor-element-populated\">\n\t\t\t\t\t\t<div class=\"elementor-element elementor-element-6180a52 elementor-widget elementor-widget-image\" data-id=\"6180a52\" data-element_type=\"widget\" data-widget_type=\"image.default\">\n\t\t\t\t<div class=\"elementor-widget-container\">\n\t\t\t\t\t\t\t\t\t\t\t\t\t\t\t\t<a href=\"http:\/\/www.teatrobaralt.org\/__sub\/wp-content\/uploads\/2024\/10\/teatrobaralt_pantallas_companias_ballet-baralt-min-jpg.webp\" data-elementor-open-lightbox=\"yes\" data-elementor-lightbox-title=\"teatrobaralt_pantallas_compa\u00f1ias_ballet-baralt-min\" data-e-action-hash=\"#elementor-action%3Aaction%3Dlightbox%26settings%3DeyJpZCI6NDI0MiwidXJsIjoiaHR0cHM6XC9cL3d3dy50ZWF0cm9iYXJhbHQub3JnXC9fX3N1Ylwvd3AtY29udGVudFwvdXBsb2Fkc1wvMjAyNFwvMTBcL3RlYXRyb2JhcmFsdF9wYW50YWxsYXNfY29tcGFuaWFzX2JhbGxldC1iYXJhbHQtbWluLWpwZy53ZWJwIn0%3D\">\n\t\t\t\t\t\t\t<img loading=\"lazy\" decoding=\"async\" width=\"700\" height=\"875\" src=\"https:\/\/www.teatrobaralt.org\/__sub\/wp-content\/uploads\/2024\/10\/teatrobaralt_pantallas_companias_ballet-baralt-min-jpg.webp\" class=\"attachment-full size-full wp-image-4242\" alt=\"\" srcset=\"https:\/\/www.teatrobaralt.org\/__sub\/wp-content\/uploads\/2024\/10\/teatrobaralt_pantallas_companias_ballet-baralt-min-jpg.webp 700w, https:\/\/www.teatrobaralt.org\/__sub\/wp-content\/uploads\/2024\/10\/teatrobaralt_pantallas_companias_ballet-baralt-min-240x300.webp 240w, https:\/\/www.teatrobaralt.org\/__sub\/wp-content\/uploads\/2024\/10\/teatrobaralt_pantallas_companias_ballet-baralt-min-230x288.webp 230w, https:\/\/www.teatrobaralt.org\/__sub\/wp-content\/uploads\/2024\/10\/teatrobaralt_pantallas_companias_ballet-baralt-min-350x438.webp 350w, https:\/\/www.teatrobaralt.org\/__sub\/wp-content\/uploads\/2024\/10\/teatrobaralt_pantallas_companias_ballet-baralt-min-480x600.webp 480w\" sizes=\"(max-width: 700px) 100vw, 700px\" \/>\t\t\t\t\t\t\t\t<\/a>\n\t\t\t\t\t\t\t\t\t\t\t\t\t\t\t<\/div>\n\t\t\t\t<\/div>\n\t\t\t\t\t<\/div>\n\t\t<\/div>\n\t\t\t\t<div class=\"elementor-column elementor-col-66 elementor-top-column elementor-element elementor-element-20b7ea1\" data-id=\"20b7ea1\" data-element_type=\"column\">\n\t\t\t<div class=\"elementor-widget-wrap elementor-element-populated\">\n\t\t\t\t\t\t<div class=\"elementor-element elementor-element-a09f96c elementor-widget elementor-widget-text-editor\" data-id=\"a09f96c\" data-element_type=\"widget\" data-widget_type=\"text-editor.default\">\n\t\t\t\t<div class=\"elementor-widget-container\">\n\t\t\t\t\t\t\t\t\t<p>El Centro de Formaci\u00f3n Ballet Baralt te ofrece:<\/p><ul><li>Clases para todas las edades y niveles, desde principiantes hasta avanzados.<\/li><li>Un ambiente de aprendizaje din\u00e1mico, creativo y colaborativo.<\/li><li>Oportunidades para participar en talleres, masterclasses, presentaciones en vivo y montajes coreogr\u00e1ficos.<\/li><li>La posibilidad de conectar con otros apasionados por el ballet y formar parte de una comunidad vibrante.<\/li><\/ul><p><strong>\u00bfEst\u00e1s listo para dar el primer paso?<\/strong><\/p><p><strong>Inscr\u00edbete hoy mismo en el Centro de Formaci\u00f3n Ballet Baralt y comienza a explorar un mundo de belleza, disciplina y expresi\u00f3n art\u00edstica.<\/strong><\/p><p><strong>\u00a1Te esperamos!<\/strong><\/p><p><strong>Ven a bailar con nosotros y descubre la magia del ballet cl\u00e1sico.<\/strong><\/p>\t\t\t\t\t\t\t\t<\/div>\n\t\t\t\t<\/div>\n\t\t\t\t\t<\/div>\n\t\t<\/div>\n\t\t\t\t\t<\/div>\n\t\t<\/section>\n\t\t\t\t<\/div>\n\t\t","protected":false},"excerpt":{"rendered":"<p>CENTRO DE FORMACI\u00d3N BALLET BARALT Despierta la gracia y la elegancia en el Centro de Formaci\u00f3n Ballet BaraltUn espacio donde tu cuerpo<\/p>\n","protected":false},"author":1,"featured_media":0,"parent":0,"menu_order":0,"comment_status":"closed","ping_status":"closed","template":"","meta":{"footnotes":""},"class_list":["post-5131","page","type-page","status-publish","hentry"],"_links":{"self":[{"href":"https:\/\/www.teatrobaralt.org\/__sub\/wp-json\/wp\/v2\/pages\/5131","targetHints":{"allow":["GET"]}}],"collection":[{"href":"https:\/\/www.teatrobaralt.org\/__sub\/wp-json\/wp\/v2\/pages"}],"about":[{"href":"https:\/\/www.teatrobaralt.org\/__sub\/wp-json\/wp\/v2\/types\/page"}],"author":[{"embeddable":true,"href":"https:\/\/www.teatrobaralt.org\/__sub\/wp-json\/wp\/v2\/users\/1"}],"replies":[{"embeddable":true,"href":"https:\/\/www.teatrobaralt.org\/__sub\/wp-json\/wp\/v2\/comments?post=5131"}],"version-history":[{"count":10,"href":"https:\/\/www.teatrobaralt.org\/__sub\/wp-json\/wp\/v2\/pages\/5131\/revisions"}],"predecessor-version":[{"id":5194,"href":"https:\/\/www.teatrobaralt.org\/__sub\/wp-json\/wp\/v2\/pages\/5131\/revisions\/5194"}],"wp:attachment":[{"href":"https:\/\/www.teatrobaralt.org\/__sub\/wp-json\/wp\/v2\/media?parent=5131"}],"curies":[{"name":"wp","href":"https:\/\/api.w.org\/{rel}","templated":true}]}}