{"id":5123,"date":"2024-11-25T15:42:38","date_gmt":"2024-11-25T19:42:38","guid":{"rendered":"https:\/\/www.teatrobaralt.org\/__sub\/?page_id=5123"},"modified":"2024-11-25T15:42:38","modified_gmt":"2024-11-25T19:42:38","slug":"centro-de-formacion-teatro-baralt-2","status":"publish","type":"page","link":"https:\/\/www.teatrobaralt.org\/__sub\/centro-de-formacion-teatro-baralt-2\/","title":{"rendered":"CENTRO DE FORMACI\u00d3N TEATRO BARALT"},"content":{"rendered":"\t\t<div data-elementor-type=\"wp-page\" data-elementor-id=\"5123\" class=\"elementor elementor-5123\">\n\t\t\t\t\t\t<section class=\"elementor-section elementor-top-section elementor-element elementor-element-c2efb3a elementor-section-full_width elementor-section-stretched elementor-section-height-default elementor-section-height-default wpr-particle-no wpr-sticky-section-no\" data-id=\"c2efb3a\" data-element_type=\"section\" data-settings=\"{&quot;stretch_section&quot;:&quot;section-stretched&quot;}\">\n\t\t\t\t\t\t<div class=\"elementor-container elementor-column-gap-default\">\n\t\t\t\t\t<div class=\"elementor-column elementor-col-20 elementor-top-column elementor-element elementor-element-4fdd9dd elementor-invisible\" data-id=\"4fdd9dd\" data-element_type=\"column\" data-settings=\"{&quot;animation&quot;:&quot;fadeInRight&quot;}\">\n\t\t\t<div class=\"elementor-widget-wrap elementor-element-populated\">\n\t\t\t\t\t\t<div class=\"elementor-element elementor-element-c490b05 elementor-widget elementor-widget-image\" data-id=\"c490b05\" data-element_type=\"widget\" data-widget_type=\"image.default\">\n\t\t\t\t<div class=\"elementor-widget-container\">\n\t\t\t\t\t\t\t\t\t\t\t\t\t\t\t<img fetchpriority=\"high\" decoding=\"async\" width=\"491\" height=\"300\" src=\"https:\/\/www.teatrobaralt.org\/__sub\/wp-content\/uploads\/2024\/11\/434620114_m-jpg.avif\" class=\"attachment-large size-large wp-image-4913\" alt=\"\" srcset=\"https:\/\/www.teatrobaralt.org\/__sub\/wp-content\/uploads\/2024\/11\/434620114_m-jpg.avif 491w, https:\/\/www.teatrobaralt.org\/__sub\/wp-content\/uploads\/2024\/11\/434620114_m-300x183.avif 300w, https:\/\/www.teatrobaralt.org\/__sub\/wp-content\/uploads\/2024\/11\/434620114_m-230x141.avif 230w, https:\/\/www.teatrobaralt.org\/__sub\/wp-content\/uploads\/2024\/11\/434620114_m-350x214.avif 350w, https:\/\/www.teatrobaralt.org\/__sub\/wp-content\/uploads\/2024\/11\/434620114_m-480x293.avif 480w\" sizes=\"(max-width: 491px) 100vw, 491px\" \/>\t\t\t\t\t\t\t\t\t\t\t\t\t\t\t<\/div>\n\t\t\t\t<\/div>\n\t\t\t\t\t<\/div>\n\t\t<\/div>\n\t\t\t\t<div class=\"elementor-column elementor-col-20 elementor-top-column elementor-element elementor-element-7eb7694 elementor-invisible\" data-id=\"7eb7694\" data-element_type=\"column\" data-settings=\"{&quot;animation&quot;:&quot;fadeInRight&quot;}\">\n\t\t\t<div class=\"elementor-widget-wrap elementor-element-populated\">\n\t\t\t\t\t\t<div class=\"elementor-element elementor-element-e66b5fa elementor-widget elementor-widget-image\" data-id=\"e66b5fa\" data-element_type=\"widget\" data-widget_type=\"image.default\">\n\t\t\t\t<div class=\"elementor-widget-container\">\n\t\t\t\t\t\t\t\t\t\t\t\t\t\t\t<img decoding=\"async\" width=\"491\" height=\"300\" src=\"https:\/\/www.teatrobaralt.org\/__sub\/wp-content\/uploads\/2024\/11\/451436431_m-jpg.avif\" class=\"attachment-large size-large wp-image-4908\" alt=\"\" srcset=\"https:\/\/www.teatrobaralt.org\/__sub\/wp-content\/uploads\/2024\/11\/451436431_m-jpg.avif 491w, https:\/\/www.teatrobaralt.org\/__sub\/wp-content\/uploads\/2024\/11\/451436431_m-300x183.avif 300w, https:\/\/www.teatrobaralt.org\/__sub\/wp-content\/uploads\/2024\/11\/451436431_m-230x141.avif 230w, https:\/\/www.teatrobaralt.org\/__sub\/wp-content\/uploads\/2024\/11\/451436431_m-350x214.avif 350w, https:\/\/www.teatrobaralt.org\/__sub\/wp-content\/uploads\/2024\/11\/451436431_m-480x293.avif 480w\" sizes=\"(max-width: 491px) 100vw, 491px\" \/>\t\t\t\t\t\t\t\t\t\t\t\t\t\t\t<\/div>\n\t\t\t\t<\/div>\n\t\t\t\t\t<\/div>\n\t\t<\/div>\n\t\t\t\t<div class=\"elementor-column elementor-col-20 elementor-top-column elementor-element elementor-element-f41ca72 elementor-invisible\" data-id=\"f41ca72\" data-element_type=\"column\" data-settings=\"{&quot;animation&quot;:&quot;fadeInRight&quot;}\">\n\t\t\t<div class=\"elementor-widget-wrap elementor-element-populated\">\n\t\t\t\t\t\t<div class=\"elementor-element elementor-element-9c90809 elementor-widget elementor-widget-image\" data-id=\"9c90809\" data-element_type=\"widget\" data-widget_type=\"image.default\">\n\t\t\t\t<div class=\"elementor-widget-container\">\n\t\t\t\t\t\t\t\t\t\t\t\t\t\t\t<img decoding=\"async\" width=\"491\" height=\"300\" src=\"https:\/\/www.teatrobaralt.org\/__sub\/wp-content\/uploads\/2024\/11\/434773769_m-jpg.avif\" class=\"attachment-large size-large wp-image-4910\" alt=\"\" srcset=\"https:\/\/www.teatrobaralt.org\/__sub\/wp-content\/uploads\/2024\/11\/434773769_m-jpg.avif 491w, https:\/\/www.teatrobaralt.org\/__sub\/wp-content\/uploads\/2024\/11\/434773769_m-300x183.avif 300w, https:\/\/www.teatrobaralt.org\/__sub\/wp-content\/uploads\/2024\/11\/434773769_m-230x141.avif 230w, https:\/\/www.teatrobaralt.org\/__sub\/wp-content\/uploads\/2024\/11\/434773769_m-350x214.avif 350w, https:\/\/www.teatrobaralt.org\/__sub\/wp-content\/uploads\/2024\/11\/434773769_m-480x293.avif 480w\" sizes=\"(max-width: 491px) 100vw, 491px\" \/>\t\t\t\t\t\t\t\t\t\t\t\t\t\t\t<\/div>\n\t\t\t\t<\/div>\n\t\t\t\t\t<\/div>\n\t\t<\/div>\n\t\t\t\t<div class=\"elementor-column elementor-col-20 elementor-top-column elementor-element elementor-element-3e2e9fa elementor-invisible\" data-id=\"3e2e9fa\" data-element_type=\"column\" data-settings=\"{&quot;animation&quot;:&quot;fadeInLeft&quot;}\">\n\t\t\t<div class=\"elementor-widget-wrap elementor-element-populated\">\n\t\t\t\t\t\t<div class=\"elementor-element elementor-element-600f5c9 elementor-widget elementor-widget-image\" data-id=\"600f5c9\" data-element_type=\"widget\" data-widget_type=\"image.default\">\n\t\t\t\t<div class=\"elementor-widget-container\">\n\t\t\t\t\t\t\t\t\t\t\t\t\t\t\t<img loading=\"lazy\" decoding=\"async\" width=\"491\" height=\"300\" src=\"https:\/\/www.teatrobaralt.org\/__sub\/wp-content\/uploads\/2024\/11\/451346869_m-jpg.avif\" class=\"attachment-large size-large wp-image-4911\" alt=\"\" srcset=\"https:\/\/www.teatrobaralt.org\/__sub\/wp-content\/uploads\/2024\/11\/451346869_m-jpg.avif 491w, https:\/\/www.teatrobaralt.org\/__sub\/wp-content\/uploads\/2024\/11\/451346869_m-300x183.avif 300w, https:\/\/www.teatrobaralt.org\/__sub\/wp-content\/uploads\/2024\/11\/451346869_m-230x141.avif 230w, https:\/\/www.teatrobaralt.org\/__sub\/wp-content\/uploads\/2024\/11\/451346869_m-350x214.avif 350w, https:\/\/www.teatrobaralt.org\/__sub\/wp-content\/uploads\/2024\/11\/451346869_m-480x293.avif 480w\" sizes=\"(max-width: 491px) 100vw, 491px\" \/>\t\t\t\t\t\t\t\t\t\t\t\t\t\t\t<\/div>\n\t\t\t\t<\/div>\n\t\t\t\t\t<\/div>\n\t\t<\/div>\n\t\t\t\t<div class=\"elementor-column elementor-col-20 elementor-top-column elementor-element elementor-element-0977054 elementor-invisible\" data-id=\"0977054\" data-element_type=\"column\" data-settings=\"{&quot;animation&quot;:&quot;fadeInLeft&quot;}\">\n\t\t\t<div class=\"elementor-widget-wrap elementor-element-populated\">\n\t\t\t\t\t\t<div class=\"elementor-element elementor-element-7e063fc elementor-widget elementor-widget-image\" data-id=\"7e063fc\" data-element_type=\"widget\" data-widget_type=\"image.default\">\n\t\t\t\t<div class=\"elementor-widget-container\">\n\t\t\t\t\t\t\t\t\t\t\t\t\t\t\t<img loading=\"lazy\" decoding=\"async\" width=\"491\" height=\"301\" src=\"https:\/\/www.teatrobaralt.org\/__sub\/wp-content\/uploads\/2024\/11\/434647191_m-jpg.avif\" class=\"attachment-large size-large wp-image-4907\" alt=\"\" srcset=\"https:\/\/www.teatrobaralt.org\/__sub\/wp-content\/uploads\/2024\/11\/434647191_m-jpg.avif 491w, https:\/\/www.teatrobaralt.org\/__sub\/wp-content\/uploads\/2024\/11\/434647191_m-300x184.avif 300w, https:\/\/www.teatrobaralt.org\/__sub\/wp-content\/uploads\/2024\/11\/434647191_m-230x141.avif 230w, https:\/\/www.teatrobaralt.org\/__sub\/wp-content\/uploads\/2024\/11\/434647191_m-350x215.avif 350w, https:\/\/www.teatrobaralt.org\/__sub\/wp-content\/uploads\/2024\/11\/434647191_m-480x294.avif 480w\" sizes=\"(max-width: 491px) 100vw, 491px\" \/>\t\t\t\t\t\t\t\t\t\t\t\t\t\t\t<\/div>\n\t\t\t\t<\/div>\n\t\t\t\t\t<\/div>\n\t\t<\/div>\n\t\t\t\t\t<\/div>\n\t\t<\/section>\n\t\t\t\t<section class=\"elementor-section elementor-top-section elementor-element elementor-element-23a48f5 elementor-section-full_width elementor-section-stretched elementor-section-height-default elementor-section-height-default wpr-particle-no wpr-sticky-section-no\" data-id=\"23a48f5\" data-element_type=\"section\" data-settings=\"{&quot;stretch_section&quot;:&quot;section-stretched&quot;}\">\n\t\t\t\t\t\t<div class=\"elementor-container elementor-column-gap-default\">\n\t\t\t\t\t<div class=\"elementor-column elementor-col-25 elementor-top-column elementor-element elementor-element-57dc7a2\" data-id=\"57dc7a2\" data-element_type=\"column\">\n\t\t\t<div class=\"elementor-widget-wrap\">\n\t\t\t\t\t\t\t<\/div>\n\t\t<\/div>\n\t\t\t\t<div class=\"elementor-column elementor-col-50 elementor-top-column elementor-element elementor-element-16f4929\" data-id=\"16f4929\" data-element_type=\"column\">\n\t\t\t<div class=\"elementor-widget-wrap elementor-element-populated\">\n\t\t\t\t\t\t<div class=\"elementor-element elementor-element-a019856 elementor-widget elementor-widget-heading\" data-id=\"a019856\" data-element_type=\"widget\" data-widget_type=\"heading.default\">\n\t\t\t\t<div class=\"elementor-widget-container\">\n\t\t\t\t\t<h4 class=\"elementor-heading-title elementor-size-default\">CENTRO DE FORMACI\u00d3N TEATRO BARALT<\/h4>\t\t\t\t<\/div>\n\t\t\t\t<\/div>\n\t\t\t\t<div class=\"elementor-element elementor-element-0f09177 elementor-widget elementor-widget-image\" data-id=\"0f09177\" data-element_type=\"widget\" data-widget_type=\"image.default\">\n\t\t\t\t<div class=\"elementor-widget-container\">\n\t\t\t\t\t\t\t\t\t\t\t\t\t\t\t<img loading=\"lazy\" decoding=\"async\" width=\"300\" height=\"52\" src=\"https:\/\/www.teatrobaralt.org\/__sub\/wp-content\/uploads\/2024\/04\/separador-300.png\" class=\"attachment-large size-large wp-image-3162\" alt=\"\" srcset=\"https:\/\/www.teatrobaralt.org\/__sub\/wp-content\/uploads\/2024\/04\/separador-300.png 300w, https:\/\/www.teatrobaralt.org\/__sub\/wp-content\/uploads\/2024\/04\/separador-300-230x40.png 230w\" sizes=\"(max-width: 300px) 100vw, 300px\" \/>\t\t\t\t\t\t\t\t\t\t\t\t\t\t\t<\/div>\n\t\t\t\t<\/div>\n\t\t\t\t\t<\/div>\n\t\t<\/div>\n\t\t\t\t<div class=\"elementor-column elementor-col-25 elementor-top-column elementor-element elementor-element-3c0fe30\" data-id=\"3c0fe30\" data-element_type=\"column\">\n\t\t\t<div class=\"elementor-widget-wrap\">\n\t\t\t\t\t\t\t<\/div>\n\t\t<\/div>\n\t\t\t\t\t<\/div>\n\t\t<\/section>\n\t\t\t\t<section class=\"elementor-section elementor-top-section elementor-element elementor-element-85c2a8a elementor-section-full_width elementor-section-stretched elementor-section-height-default elementor-section-height-default wpr-particle-no wpr-sticky-section-no elementor-invisible\" data-id=\"85c2a8a\" data-element_type=\"section\" data-settings=\"{&quot;stretch_section&quot;:&quot;section-stretched&quot;,&quot;animation&quot;:&quot;fadeInLeft&quot;}\">\n\t\t\t\t\t\t<div class=\"elementor-container elementor-column-gap-default\">\n\t\t\t\t\t<div class=\"elementor-column elementor-col-16 elementor-top-column elementor-element elementor-element-63f01e8\" data-id=\"63f01e8\" data-element_type=\"column\">\n\t\t\t<div class=\"elementor-widget-wrap elementor-element-populated\">\n\t\t\t\t\t\t<div class=\"elementor-element elementor-element-395e83d elementor-widget elementor-widget-image\" data-id=\"395e83d\" data-element_type=\"widget\" data-widget_type=\"image.default\">\n\t\t\t\t<div class=\"elementor-widget-container\">\n\t\t\t\t\t\t\t\t\t\t\t\t\t\t\t<img loading=\"lazy\" decoding=\"async\" width=\"100\" height=\"100\" src=\"https:\/\/www.teatrobaralt.org\/__sub\/wp-content\/uploads\/2024\/10\/logos_cf_teatro-png.avif\" class=\"attachment-large size-large wp-image-4554\" alt=\"\" \/>\t\t\t\t\t\t\t\t\t\t\t\t\t\t\t<\/div>\n\t\t\t\t<\/div>\n\t\t\t\t\t<\/div>\n\t\t<\/div>\n\t\t\t\t<div class=\"elementor-column elementor-col-66 elementor-top-column elementor-element elementor-element-0d7b85d\" data-id=\"0d7b85d\" data-element_type=\"column\">\n\t\t\t<div class=\"elementor-widget-wrap elementor-element-populated\">\n\t\t\t\t\t\t<div class=\"elementor-element elementor-element-a317fa3 elementor-widget elementor-widget-spacer\" data-id=\"a317fa3\" data-element_type=\"widget\" data-widget_type=\"spacer.default\">\n\t\t\t\t<div class=\"elementor-widget-container\">\n\t\t\t\t\t\t\t<div class=\"elementor-spacer\">\n\t\t\t<div class=\"elementor-spacer-inner\"><\/div>\n\t\t<\/div>\n\t\t\t\t\t\t<\/div>\n\t\t\t\t<\/div>\n\t\t\t\t<div class=\"elementor-element elementor-element-1504fcd elementor-widget elementor-widget-heading\" data-id=\"1504fcd\" data-element_type=\"widget\" data-widget_type=\"heading.default\">\n\t\t\t\t<div class=\"elementor-widget-container\">\n\t\t\t\t\t<h4 class=\"elementor-heading-title elementor-size-default\">Despierta tu pasi\u00f3n por el teatro y convi\u00e9rtete en protagonista de tu propia historia en el Centro de Formaci\u00f3n Baralt Teatro.<\/h4>\t\t\t\t<\/div>\n\t\t\t\t<\/div>\n\t\t\t\t<div class=\"elementor-element elementor-element-bdb3f15 elementor-widget elementor-widget-spacer\" data-id=\"bdb3f15\" data-element_type=\"widget\" data-widget_type=\"spacer.default\">\n\t\t\t\t<div class=\"elementor-widget-container\">\n\t\t\t\t\t\t\t<div class=\"elementor-spacer\">\n\t\t\t<div class=\"elementor-spacer-inner\"><\/div>\n\t\t<\/div>\n\t\t\t\t\t\t<\/div>\n\t\t\t\t<\/div>\n\t\t\t\t<div class=\"elementor-element elementor-element-ba30da1 elementor-widget elementor-widget-text-editor\" data-id=\"ba30da1\" data-element_type=\"widget\" data-widget_type=\"text-editor.default\">\n\t\t\t\t<div class=\"elementor-widget-container\">\n\t\t\t\t\t\t\t\t\t<p><strong>Un escenario donde el talento se transforma en arte esc\u00e9nico.<\/strong><\/p><p>El Centro de Formaci\u00f3n Baralt Teatro te invita a un viaje apasionante al coraz\u00f3n del teatro, donde descubrir\u00e1s las claves para convertirte en un actor integral. Aprende de la mano de profesionales con amplia experiencia en las diversas \u00e1reas del teatro:<\/p><ul><li><strong>Interpretaci\u00f3n:<\/strong>Desarrolla tu capacidad de an\u00e1lisis de textos, creaci\u00f3n de personajes y expresi\u00f3n de emociones en el escenario.<\/li><li><strong>Voz y dicci\u00f3n:<\/strong>Domina las t\u00e9cnicas vocales para proyectar tu voz con seguridad y claridad.<\/li><li><strong>Movimiento esc\u00e9nico:<\/strong>Explora tu cuerpo como herramienta de expresi\u00f3n y aprende a utilizarlo para crear una presencia esc\u00e9nica poderosa.<\/li><li><strong>Historia del teatro:<\/strong>Sum\u00e9rgete en la rica historia del teatro y descubre las diferentes corrientes y estilos que han marcado su evoluci\u00f3n.<\/li><li><strong>Montaje de obras:<\/strong>Participa en la creaci\u00f3n de montajes teatrales desde el proceso de selecci\u00f3n de la obra hasta su puesta en escena.<\/li><\/ul><p><strong>M\u00e1s que una formaci\u00f3n es una experiencia de vida inolvidable.<\/strong><\/p>\t\t\t\t\t\t\t\t<\/div>\n\t\t\t\t<\/div>\n\t\t\t\t<div class=\"elementor-element elementor-element-dd1b300 elementor-widget elementor-widget-spacer\" data-id=\"dd1b300\" data-element_type=\"widget\" data-widget_type=\"spacer.default\">\n\t\t\t\t<div class=\"elementor-widget-container\">\n\t\t\t\t\t\t\t<div class=\"elementor-spacer\">\n\t\t\t<div class=\"elementor-spacer-inner\"><\/div>\n\t\t<\/div>\n\t\t\t\t\t\t<\/div>\n\t\t\t\t<\/div>\n\t\t\t\t\t<\/div>\n\t\t<\/div>\n\t\t\t\t<div class=\"elementor-column elementor-col-16 elementor-top-column elementor-element elementor-element-f746014\" data-id=\"f746014\" data-element_type=\"column\">\n\t\t\t<div class=\"elementor-widget-wrap\">\n\t\t\t\t\t\t\t<\/div>\n\t\t<\/div>\n\t\t\t\t\t<\/div>\n\t\t<\/section>\n\t\t\t\t<section class=\"elementor-section elementor-top-section elementor-element elementor-element-995a464 elementor-section-full_width elementor-section-stretched elementor-section-height-default elementor-section-height-default wpr-particle-no wpr-sticky-section-no elementor-invisible\" data-id=\"995a464\" data-element_type=\"section\" data-settings=\"{&quot;stretch_section&quot;:&quot;section-stretched&quot;,&quot;animation&quot;:&quot;fadeInRight&quot;}\">\n\t\t\t\t\t\t<div class=\"elementor-container elementor-column-gap-default\">\n\t\t\t\t\t<div class=\"elementor-column elementor-col-33 elementor-top-column elementor-element elementor-element-837b75e\" data-id=\"837b75e\" data-element_type=\"column\">\n\t\t\t<div class=\"elementor-widget-wrap elementor-element-populated\">\n\t\t\t\t\t\t<div class=\"elementor-element elementor-element-6180a52 elementor-widget elementor-widget-image\" data-id=\"6180a52\" data-element_type=\"widget\" data-widget_type=\"image.default\">\n\t\t\t\t<div class=\"elementor-widget-container\">\n\t\t\t\t\t\t\t\t\t\t\t\t\t\t\t\t<a href=\"http:\/\/www.teatrobaralt.org\/__sub\/wp-content\/uploads\/2024\/10\/teatrobaralt_pantallas_companias_baralt-teatro-min.jpg\" data-elementor-open-lightbox=\"yes\" data-elementor-lightbox-title=\"teatrobaralt_pantallas_compa\u00f1ias_baralt-teatro-min\" data-e-action-hash=\"#elementor-action%3Aaction%3Dlightbox%26settings%3DeyJpZCI6NDI0NSwidXJsIjoiaHR0cHM6XC9cL3d3dy50ZWF0cm9iYXJhbHQub3JnXC9fX3N1Ylwvd3AtY29udGVudFwvdXBsb2Fkc1wvMjAyNFwvMTBcL3RlYXRyb2JhcmFsdF9wYW50YWxsYXNfY29tcGFuaWFzX2JhcmFsdC10ZWF0cm8tbWluLmpwZyJ9\">\n\t\t\t\t\t\t\t<img loading=\"lazy\" decoding=\"async\" width=\"700\" height=\"875\" src=\"https:\/\/www.teatrobaralt.org\/__sub\/wp-content\/uploads\/2024\/10\/teatrobaralt_pantallas_companias_baralt-teatro-min.jpg\" class=\"attachment-full size-full wp-image-4245\" alt=\"\" srcset=\"https:\/\/www.teatrobaralt.org\/__sub\/wp-content\/uploads\/2024\/10\/teatrobaralt_pantallas_companias_baralt-teatro-min.jpg 700w, https:\/\/www.teatrobaralt.org\/__sub\/wp-content\/uploads\/2024\/10\/teatrobaralt_pantallas_companias_baralt-teatro-min-240x300.webp 240w, https:\/\/www.teatrobaralt.org\/__sub\/wp-content\/uploads\/2024\/10\/teatrobaralt_pantallas_companias_baralt-teatro-min-230x288.webp 230w, https:\/\/www.teatrobaralt.org\/__sub\/wp-content\/uploads\/2024\/10\/teatrobaralt_pantallas_companias_baralt-teatro-min-350x438.webp 350w, https:\/\/www.teatrobaralt.org\/__sub\/wp-content\/uploads\/2024\/10\/teatrobaralt_pantallas_companias_baralt-teatro-min-480x600.webp 480w\" sizes=\"(max-width: 700px) 100vw, 700px\" \/>\t\t\t\t\t\t\t\t<\/a>\n\t\t\t\t\t\t\t\t\t\t\t\t\t\t\t<\/div>\n\t\t\t\t<\/div>\n\t\t\t\t\t<\/div>\n\t\t<\/div>\n\t\t\t\t<div class=\"elementor-column elementor-col-66 elementor-top-column elementor-element elementor-element-20b7ea1\" data-id=\"20b7ea1\" data-element_type=\"column\">\n\t\t\t<div class=\"elementor-widget-wrap elementor-element-populated\">\n\t\t\t\t\t\t<div class=\"elementor-element elementor-element-f3c998f elementor-widget elementor-widget-text-editor\" data-id=\"f3c998f\" data-element_type=\"widget\" data-widget_type=\"text-editor.default\">\n\t\t\t\t<div class=\"elementor-widget-container\">\n\t\t\t\t\t\t\t\t\t<p>En el Centro de Formaci\u00f3n Baralt Teatro:<\/p><ul><li><strong>Te formar\u00e1s con los mejores:\u00a0<\/strong>Un equipo de profesionales apasionados por el teatro te brindar\u00e1 la mejor formaci\u00f3n posible.<\/li><li><strong>Vivir\u00e1s experiencias inolvidables:\u00a0<\/strong>Participa en talleres, clases magistrales, montajes teatrales y presentaciones en vivo.<\/li><li><strong>Formar\u00e1s parte de una comunidad vibrante:\u00a0<\/strong>Conoce a otros j\u00f3venes con tu misma pasi\u00f3n por el teatro y crea amistades duraderas.<\/li><li><strong>Desarrollar\u00e1s habilidades para la vida:\u00a0<\/strong>El teatro te ayudar\u00e1 a mejorar tu comunicaci\u00f3n, tu capacidad de trabajo en equipo, tu creatividad y tu confianza en ti mismo.<\/li><\/ul><p><strong>\u00bfEst\u00e1s listo para dar el primer paso?<\/strong><\/p><p><strong>Inscr\u00edbete hoy mismo en el Centro de Formaci\u00f3n Baralt Teatro y comienza tu camino hacia una carrera exitosa en el apasionante mundo del teatro.<\/strong><\/p><p><strong>\u00a1Te esperamos!<\/strong><\/p><p><strong>Ven a descubrir la magia del teatro y convi\u00e9rtete en un actor integral.<\/strong><\/p>\t\t\t\t\t\t\t\t<\/div>\n\t\t\t\t<\/div>\n\t\t\t\t\t<\/div>\n\t\t<\/div>\n\t\t\t\t\t<\/div>\n\t\t<\/section>\n\t\t\t\t<\/div>\n\t\t","protected":false},"excerpt":{"rendered":"<p>CENTRO DE FORMACI\u00d3N TEATRO BARALT Despierta tu pasi\u00f3n por el teatro y convi\u00e9rtete en protagonista de tu propia historia en el Centro<\/p>\n","protected":false},"author":1,"featured_media":0,"parent":0,"menu_order":0,"comment_status":"closed","ping_status":"closed","template":"","meta":{"footnotes":""},"class_list":["post-5123","page","type-page","status-publish","hentry"],"_links":{"self":[{"href":"https:\/\/www.teatrobaralt.org\/__sub\/wp-json\/wp\/v2\/pages\/5123","targetHints":{"allow":["GET"]}}],"collection":[{"href":"https:\/\/www.teatrobaralt.org\/__sub\/wp-json\/wp\/v2\/pages"}],"about":[{"href":"https:\/\/www.teatrobaralt.org\/__sub\/wp-json\/wp\/v2\/types\/page"}],"author":[{"embeddable":true,"href":"https:\/\/www.teatrobaralt.org\/__sub\/wp-json\/wp\/v2\/users\/1"}],"replies":[{"embeddable":true,"href":"https:\/\/www.teatrobaralt.org\/__sub\/wp-json\/wp\/v2\/comments?post=5123"}],"version-history":[{"count":1,"href":"https:\/\/www.teatrobaralt.org\/__sub\/wp-json\/wp\/v2\/pages\/5123\/revisions"}],"predecessor-version":[{"id":5137,"href":"https:\/\/www.teatrobaralt.org\/__sub\/wp-json\/wp\/v2\/pages\/5123\/revisions\/5137"}],"wp:attachment":[{"href":"https:\/\/www.teatrobaralt.org\/__sub\/wp-json\/wp\/v2\/media?parent=5123"}],"curies":[{"name":"wp","href":"https:\/\/api.w.org\/{rel}","templated":true}]}}